{"id":3716,"date":"2023-10-11T13:49:53","date_gmt":"2023-10-11T11:49:53","guid":{"rendered":"https:\/\/husbyggaren.nu\/?page_id=3716"},"modified":"2023-10-12T08:50:23","modified_gmt":"2023-10-12T06:50:23","slug":"villa-913","status":"publish","type":"page","link":"https:\/\/husbyggaren.nu\/index.php\/suterrang-kallarplan\/villa-913\/","title":{"rendered":"Villa 913"},"content":{"rendered":"\t\t<div data-elementor-type=\"wp-page\" data-elementor-id=\"3716\" class=\"elementor elementor-3716\">\n\t\t\t\t\t\t\t\t\t<section class=\"elementor-section elementor-top-section elementor-element elementor-element-d122a98 elementor-section-boxed elementor-section-height-default elementor-section-height-default\" data-id=\"d122a98\" data-element_type=\"section\">\n\t\t\t\t\t\t<div class=\"elementor-container elementor-column-gap-default\">\n\t\t\t\t\t<div class=\"elementor-column elementor-col-100 elementor-top-column elementor-element elementor-element-8e4d09e\" data-id=\"8e4d09e\" data-element_type=\"column\">\n\t\t\t<div class=\"elementor-widget-wrap elementor-element-populated\">\n\t\t\t\t\t\t\t\t<div class=\"elementor-element elementor-element-70f113d elementor-widget elementor-widget-heading\" data-id=\"70f113d\" data-element_type=\"widget\" data-widget_type=\"heading.default\">\n\t\t\t\t<div class=\"elementor-widget-container\">\n\t\t\t<style>\/*! elementor - v3.12.0 - 29-03-2023 *\/\n.elementor-heading-title{padding:0;margin:0;line-height:1}.elementor-widget-heading .elementor-heading-title[class*=elementor-size-]>a{color:inherit;font-size:inherit;line-height:inherit}.elementor-widget-heading .elementor-heading-title.elementor-size-small{font-size:15px}.elementor-widget-heading .elementor-heading-title.elementor-size-medium{font-size:19px}.elementor-widget-heading .elementor-heading-title.elementor-size-large{font-size:29px}.elementor-widget-heading .elementor-heading-title.elementor-size-xl{font-size:39px}.elementor-widget-heading .elementor-heading-title.elementor-size-xxl{font-size:59px}<\/style><h2 class=\"elementor-heading-title elementor-size-default\">Villa 913<\/h2>\t\t<\/div>\n\t\t\t\t<\/div>\n\t\t\t\t\t<\/div>\n\t\t<\/div>\n\t\t\t\t\t\t\t<\/div>\n\t\t<\/section>\n\t\t\t\t<section class=\"elementor-section elementor-top-section elementor-element elementor-element-05e51a1 elementor-section-boxed elementor-section-height-default elementor-section-height-default\" data-id=\"05e51a1\" data-element_type=\"section\">\n\t\t\t\t\t\t<div class=\"elementor-container elementor-column-gap-default\">\n\t\t\t\t\t<div class=\"elementor-column elementor-col-100 elementor-top-column elementor-element elementor-element-9d3725b\" data-id=\"9d3725b\" data-element_type=\"column\">\n\t\t\t<div class=\"elementor-widget-wrap elementor-element-populated\">\n\t\t\t\t\t\t\t\t<div class=\"elementor-element elementor-element-4fe5c65 elementor-widget elementor-widget-image\" data-id=\"4fe5c65\" data-element_type=\"widget\" data-widget_type=\"image.default\">\n\t\t\t\t<div class=\"elementor-widget-container\">\n\t\t\t<style>\/*! elementor - v3.12.0 - 29-03-2023 *\/\n.elementor-widget-image{text-align:center}.elementor-widget-image a{display:inline-block}.elementor-widget-image a img[src$=\".svg\"]{width:48px}.elementor-widget-image img{vertical-align:middle;display:inline-block}<\/style>\t\t\t\t\t\t\t\t\t\t\t\t\t<a href=\"https:\/\/husbyggaren.nu\/wp-content\/uploads\/2023\/10\/Villa-913-kompr.jpg\" data-elementor-open-lightbox=\"yes\" data-elementor-lightbox-title=\"Villa 913 kompr\" data-e-action-hash=\"#elementor-action%3Aaction%3Dlightbox%26settings%3DeyJpZCI6MzA3NywidXJsIjoiaHR0cHM6XC9cL2h1c2J5Z2dhcmVuLm51XC93cC1jb250ZW50XC91cGxvYWRzXC8yMDIzXC8xMFwvVmlsbGEtOTEzLWtvbXByLmpwZyJ9\">\n\t\t\t\t\t\t\t<img loading=\"lazy\" decoding=\"async\" width=\"1000\" height=\"563\" src=\"https:\/\/husbyggaren.nu\/wp-content\/uploads\/2023\/10\/Villa-913-kompr.jpg\" class=\"attachment-full size-full wp-image-3077\" alt=\"Husmodell suterr\u00e4ng\" srcset=\"https:\/\/husbyggaren.nu\/wp-content\/uploads\/2023\/10\/Villa-913-kompr.jpg 1000w, https:\/\/husbyggaren.nu\/wp-content\/uploads\/2023\/10\/Villa-913-kompr-300x169.jpg 300w, https:\/\/husbyggaren.nu\/wp-content\/uploads\/2023\/10\/Villa-913-kompr-768x432.jpg 768w\" sizes=\"auto, (max-width: 1000px) 100vw, 1000px\" \/>\t\t\t\t\t\t\t\t<\/a>\n\t\t\t\t\t\t\t\t\t\t\t\t\t\t\t<\/div>\n\t\t\t\t<\/div>\n\t\t\t\t\t<\/div>\n\t\t<\/div>\n\t\t\t\t\t\t\t<\/div>\n\t\t<\/section>\n\t\t\t\t<section class=\"elementor-section elementor-top-section elementor-element elementor-element-27d0497 elementor-section-boxed elementor-section-height-default elementor-section-height-default\" data-id=\"27d0497\" data-element_type=\"section\">\n\t\t\t\t\t\t<div class=\"elementor-container elementor-column-gap-default\">\n\t\t\t\t\t<div class=\"elementor-column elementor-col-50 elementor-top-column elementor-element elementor-element-5ce9739\" data-id=\"5ce9739\" data-element_type=\"column\">\n\t\t\t<div class=\"elementor-widget-wrap elementor-element-populated\">\n\t\t\t\t\t\t\t\t<div class=\"elementor-element elementor-element-c3e975a elementor-widget elementor-widget-heading\" data-id=\"c3e975a\" data-element_type=\"widget\" data-widget_type=\"heading.default\">\n\t\t\t\t<div class=\"elementor-widget-container\">\n\t\t\t<h2 class=\"elementor-heading-title elementor-size-default\">Villa 913<\/h2>\t\t<\/div>\n\t\t\t\t<\/div>\n\t\t\t\t<div class=\"elementor-element elementor-element-13b5c62 elementor-widget elementor-widget-text-editor\" data-id=\"13b5c62\" data-element_type=\"widget\" data-widget_type=\"text-editor.default\">\n\t\t\t\t<div class=\"elementor-widget-container\">\n\t\t\t<style>\/*! elementor - v3.12.0 - 29-03-2023 *\/\n.elementor-widget-text-editor.elementor-drop-cap-view-stacked .elementor-drop-cap{background-color:#69727d;color:#fff}.elementor-widget-text-editor.elementor-drop-cap-view-framed .elementor-drop-cap{color:#69727d;border:3px solid;background-color:transparent}.elementor-widget-text-editor:not(.elementor-drop-cap-view-default) .elementor-drop-cap{margin-top:8px}.elementor-widget-text-editor:not(.elementor-drop-cap-view-default) .elementor-drop-cap-letter{width:1em;height:1em}.elementor-widget-text-editor .elementor-drop-cap{float:left;text-align:center;line-height:1;font-size:50px}.elementor-widget-text-editor .elementor-drop-cap-letter{display:inline-block}<\/style>\t\t\t\t<p>I n\u00e4rheten av V\u00e4ster\u00e5s med en fin utsikt \u00f6ver M\u00e4laren hittade kunden en sluttande tomt som de inte kunde motst\u00e5. Kunden hade gjort Moodboards \u00f6ver vad de gillade och d\u00e4refter bes\u00f6ktes tomten f\u00f6r att f\u00e5 en bild av var huset skulle placeras. Byggingenj\u00f6rsbyr\u00e5n tog sedan fram ett f\u00f6rslag p\u00e5 placering och planritning. Efter tv\u00e5 revideringsomg\u00e5ngar var f\u00f6rslaget f\u00e4rdigt.<\/p><p>Efter bygglovsans\u00f6kan var godk\u00e4nd p\u00e5b\u00f6rjades bygghandlingar av konstrukt\u00f6rer. N\u00e4r dessa var f\u00e4rdiga fick kunden hj\u00e4lp med b\u00e5de upphandling och kontraktsskrivning av totalentreprenad.\u00a0<\/p>\t\t\t\t\t\t<\/div>\n\t\t\t\t<\/div>\n\t\t\t\t\t<\/div>\n\t\t<\/div>\n\t\t\t\t<div class=\"elementor-column elementor-col-50 elementor-top-column elementor-element elementor-element-540a8a0\" data-id=\"540a8a0\" data-element_type=\"column\">\n\t\t\t<div class=\"elementor-widget-wrap elementor-element-populated\">\n\t\t\t\t\t\t\t\t<div class=\"elementor-element elementor-element-feb1b02 elementor-widget elementor-widget-heading\" data-id=\"feb1b02\" data-element_type=\"widget\" data-widget_type=\"heading.default\">\n\t\t\t\t<div class=\"elementor-widget-container\">\n\t\t\t<h2 class=\"elementor-heading-title elementor-size-default\">Fakta<\/h2>\t\t<\/div>\n\t\t\t\t<\/div>\n\t\t\t\t<div class=\"elementor-element elementor-element-dd676b1 elementor-widget elementor-widget-text-editor\" data-id=\"dd676b1\" data-element_type=\"widget\" data-widget_type=\"text-editor.default\">\n\t\t\t\t<div class=\"elementor-widget-container\">\n\t\t\t\t\t\t\t<p>Byggarea: 118 + 47 kvm<br \/>Boarea: 102 kvm + 104,5 kvm<br \/>Antal rum: 6 + 2 WC\/D + 1WC + Spa<\/p>\t\t\t\t\t\t<\/div>\n\t\t\t\t<\/div>\n\t\t\t\t\t<\/div>\n\t\t<\/div>\n\t\t\t\t\t\t\t<\/div>\n\t\t<\/section>\n\t\t\t\t<section class=\"elementor-section elementor-top-section elementor-element elementor-element-f629b3b elementor-section-boxed elementor-section-height-default elementor-section-height-default\" data-id=\"f629b3b\" data-element_type=\"section\">\n\t\t\t\t\t\t<div class=\"elementor-container elementor-column-gap-default\">\n\t\t\t\t\t<div class=\"elementor-column elementor-col-50 elementor-top-column elementor-element elementor-element-a7c40d1\" data-id=\"a7c40d1\" data-element_type=\"column\">\n\t\t\t<div class=\"elementor-widget-wrap elementor-element-populated\">\n\t\t\t\t\t\t\t\t<div class=\"elementor-element elementor-element-fa7efa5 elementor-widget elementor-widget-heading\" data-id=\"fa7efa5\" data-element_type=\"widget\" data-widget_type=\"heading.default\">\n\t\t\t\t<div class=\"elementor-widget-container\">\n\t\t\t<h2 class=\"elementor-heading-title elementor-size-default\">Planl\u00f6sning<\/h2>\t\t<\/div>\n\t\t\t\t<\/div>\n\t\t\t\t<div class=\"elementor-element elementor-element-a0af6c1 elementor-widget elementor-widget-image\" data-id=\"a0af6c1\" data-element_type=\"widget\" data-widget_type=\"image.default\">\n\t\t\t\t<div class=\"elementor-widget-container\">\n\t\t\t\t\t\t\t\t\t\t\t\t\t\t\t\t<a href=\"https:\/\/husbyggaren.nu\/wp-content\/uploads\/2023\/10\/913-PLANLOSNING.jpg\" data-elementor-open-lightbox=\"yes\" data-elementor-lightbox-title=\"913 PLANL\u00d6SNING\" data-e-action-hash=\"#elementor-action%3Aaction%3Dlightbox%26settings%3DeyJpZCI6MzgzNywidXJsIjoiaHR0cHM6XC9cL2h1c2J5Z2dhcmVuLm51XC93cC1jb250ZW50XC91cGxvYWRzXC8yMDIzXC8xMFwvOTEzLVBMQU5MT1NOSU5HLmpwZyJ9\">\n\t\t\t\t\t\t\t<img loading=\"lazy\" decoding=\"async\" width=\"800\" height=\"800\" src=\"https:\/\/husbyggaren.nu\/wp-content\/uploads\/2023\/10\/913-PLANLOSNING-1024x1024.jpg\" class=\"attachment-large size-large wp-image-3837\" alt=\"Planl\u00f6sning suterr\u00e4ng\" srcset=\"https:\/\/husbyggaren.nu\/wp-content\/uploads\/2023\/10\/913-PLANLOSNING-1024x1024.jpg 1024w, https:\/\/husbyggaren.nu\/wp-content\/uploads\/2023\/10\/913-PLANLOSNING-300x300.jpg 300w, https:\/\/husbyggaren.nu\/wp-content\/uploads\/2023\/10\/913-PLANLOSNING-150x150.jpg 150w, https:\/\/husbyggaren.nu\/wp-content\/uploads\/2023\/10\/913-PLANLOSNING-768x768.jpg 768w, https:\/\/husbyggaren.nu\/wp-content\/uploads\/2023\/10\/913-PLANLOSNING.jpg 1080w\" sizes=\"auto, (max-width: 800px) 100vw, 800px\" \/>\t\t\t\t\t\t\t\t<\/a>\n\t\t\t\t\t\t\t\t\t\t\t\t\t\t\t<\/div>\n\t\t\t\t<\/div>\n\t\t\t\t\t<\/div>\n\t\t<\/div>\n\t\t\t\t<div class=\"elementor-column elementor-col-50 elementor-top-column elementor-element elementor-element-d02576c\" data-id=\"d02576c\" data-element_type=\"column\">\n\t\t\t<div class=\"elementor-widget-wrap elementor-element-populated\">\n\t\t\t\t\t\t\t\t<div class=\"elementor-element elementor-element-b05e4a1 elementor-widget elementor-widget-heading\" data-id=\"b05e4a1\" data-element_type=\"widget\" data-widget_type=\"heading.default\">\n\t\t\t\t<div class=\"elementor-widget-container\">\n\t\t\t<h2 class=\"elementor-heading-title elementor-size-default\">Fasad<\/h2>\t\t<\/div>\n\t\t\t\t<\/div>\n\t\t\t\t<div class=\"elementor-element elementor-element-10c1032 elementor-widget elementor-widget-image\" data-id=\"10c1032\" data-element_type=\"widget\" data-widget_type=\"image.default\">\n\t\t\t\t<div class=\"elementor-widget-container\">\n\t\t\t\t\t\t\t\t\t\t\t\t\t\t\t\t<a href=\"https:\/\/husbyggaren.nu\/wp-content\/uploads\/2023\/10\/913-fasad.jpg\" data-elementor-open-lightbox=\"yes\" data-elementor-lightbox-title=\"913 fasad\" data-e-action-hash=\"#elementor-action%3Aaction%3Dlightbox%26settings%3DeyJpZCI6MzgzNiwidXJsIjoiaHR0cHM6XC9cL2h1c2J5Z2dhcmVuLm51XC93cC1jb250ZW50XC91cGxvYWRzXC8yMDIzXC8xMFwvOTEzLWZhc2FkLmpwZyJ9\">\n\t\t\t\t\t\t\t<img loading=\"lazy\" decoding=\"async\" width=\"800\" height=\"800\" src=\"https:\/\/husbyggaren.nu\/wp-content\/uploads\/2023\/10\/913-fasad-1024x1024.jpg\" class=\"attachment-large size-large wp-image-3836\" alt=\"Fasad suterr\u00e4ng\" srcset=\"https:\/\/husbyggaren.nu\/wp-content\/uploads\/2023\/10\/913-fasad-1024x1024.jpg 1024w, https:\/\/husbyggaren.nu\/wp-content\/uploads\/2023\/10\/913-fasad-300x300.jpg 300w, https:\/\/husbyggaren.nu\/wp-content\/uploads\/2023\/10\/913-fasad-150x150.jpg 150w, https:\/\/husbyggaren.nu\/wp-content\/uploads\/2023\/10\/913-fasad-768x768.jpg 768w, https:\/\/husbyggaren.nu\/wp-content\/uploads\/2023\/10\/913-fasad.jpg 1080w\" sizes=\"auto, (max-width: 800px) 100vw, 800px\" \/>\t\t\t\t\t\t\t\t<\/a>\n\t\t\t\t\t\t\t\t\t\t\t\t\t\t\t<\/div>\n\t\t\t\t<\/div>\n\t\t\t\t\t<\/div>\n\t\t<\/div>\n\t\t\t\t\t\t\t<\/div>\n\t\t<\/section>\n\t\t\t\t\t\t\t<\/div>\n\t\t","protected":false},"excerpt":{"rendered":"<p>Villa 913 Villa 913 I n\u00e4rheten av V\u00e4ster\u00e5s med en fin utsikt \u00f6ver M\u00e4laren hittade kunden en sluttande tomt som de inte kunde motst\u00e5. Kunden hade gjort Moodboards \u00f6ver vad &#8230;<\/p>\n","protected":false},"author":5,"featured_media":0,"parent":2499,"menu_order":0,"comment_status":"closed","ping_status":"closed","template":"","meta":{"footnotes":""},"class_list":["post-3716","page","type-page","status-publish","hentry"],"yoast_head":"<!-- This site is optimized with the Yoast SEO plugin v20.4 - https:\/\/yoast.com\/wordpress\/plugins\/seo\/ -->\n<title>Villa 913 - Husbyggaren<\/title>\n<meta name=\"robots\" content=\"noindex, follow, max-snippet:-1, max-image-preview:large, max-video-preview:-1\" \/>\n<meta property=\"og:locale\" content=\"sv_SE\" \/>\n<meta property=\"og:type\" content=\"article\" \/>\n<meta property=\"og:title\" content=\"Villa 913 - Husbyggaren\" \/>\n<meta property=\"og:description\" content=\"Villa 913 Villa 913 I n\u00e4rheten av V\u00e4ster\u00e5s med en fin utsikt \u00f6ver M\u00e4laren hittade kunden en sluttande tomt som de inte kunde motst\u00e5. Kunden hade gjort Moodboards \u00f6ver vad ...\" \/>\n<meta property=\"og:url\" content=\"https:\/\/husbyggaren.nu\/index.php\/suterrang-kallarplan\/villa-913\/\" \/>\n<meta property=\"og:site_name\" content=\"Husbyggaren\" \/>\n<meta property=\"article:publisher\" content=\"https:\/\/www.facebook.com\/attefallsbyggaren\" \/>\n<meta property=\"article:modified_time\" content=\"2023-10-12T06:50:23+00:00\" \/>\n<meta property=\"og:image\" content=\"https:\/\/husbyggaren.nu\/wp-content\/uploads\/2023\/10\/Villa-913-kompr.jpg\" \/>\n<meta name=\"twitter:card\" content=\"summary_large_image\" \/>\n<meta name=\"twitter:label1\" content=\"Ber\u00e4knad l\u00e4stid\" \/>\n\t<meta name=\"twitter:data1\" content=\"1 minut\" \/>\n<script type=\"application\/ld+json\" class=\"yoast-schema-graph\">{\"@context\":\"https:\/\/schema.org\",\"@graph\":[{\"@type\":\"WebPage\",\"@id\":\"https:\/\/husbyggaren.nu\/index.php\/suterrang-kallarplan\/villa-913\/\",\"url\":\"https:\/\/husbyggaren.nu\/index.php\/suterrang-kallarplan\/villa-913\/\",\"name\":\"Villa 913 - Husbyggaren\",\"isPartOf\":{\"@id\":\"https:\/\/husbyggaren.nu\/#website\"},\"datePublished\":\"2023-10-11T11:49:53+00:00\",\"dateModified\":\"2023-10-12T06:50:23+00:00\",\"breadcrumb\":{\"@id\":\"https:\/\/husbyggaren.nu\/index.php\/suterrang-kallarplan\/villa-913\/#breadcrumb\"},\"inLanguage\":\"sv-SE\",\"potentialAction\":[{\"@type\":\"ReadAction\",\"target\":[\"https:\/\/husbyggaren.nu\/index.php\/suterrang-kallarplan\/villa-913\/\"]}]},{\"@type\":\"BreadcrumbList\",\"@id\":\"https:\/\/husbyggaren.nu\/index.php\/suterrang-kallarplan\/villa-913\/#breadcrumb\",\"itemListElement\":[{\"@type\":\"ListItem\",\"position\":1,\"name\":\"Suterr\u00e4ng\/ k\u00e4llarplan\",\"item\":\"https:\/\/husbyggaren.nu\/index.php\/suterrang-kallarplan\/\"},{\"@type\":\"ListItem\",\"position\":2,\"name\":\"Villa 913\"}]},{\"@type\":\"WebSite\",\"@id\":\"https:\/\/husbyggaren.nu\/#website\",\"url\":\"https:\/\/husbyggaren.nu\/\",\"name\":\"Husbyggaren\",\"description\":\"Bygg ditt dr\u00f6mhus\",\"publisher\":{\"@id\":\"https:\/\/husbyggaren.nu\/#organization\"},\"potentialAction\":[{\"@type\":\"SearchAction\",\"target\":{\"@type\":\"EntryPoint\",\"urlTemplate\":\"https:\/\/husbyggaren.nu\/?s={search_term_string}\"},\"query-input\":\"required name=search_term_string\"}],\"inLanguage\":\"sv-SE\"},{\"@type\":\"Organization\",\"@id\":\"https:\/\/husbyggaren.nu\/#organization\",\"name\":\"Attelfallsbyggaren\",\"url\":\"https:\/\/husbyggaren.nu\/\",\"logo\":{\"@type\":\"ImageObject\",\"inLanguage\":\"sv-SE\",\"@id\":\"https:\/\/husbyggaren.nu\/#\/schema\/logo\/image\/\",\"url\":\"https:\/\/husbyggaren.nu\/wp-content\/uploads\/2022\/06\/Logga-Attefallsbyggaren-1-e1654082287872.png\",\"contentUrl\":\"https:\/\/husbyggaren.nu\/wp-content\/uploads\/2022\/06\/Logga-Attefallsbyggaren-1-e1654082287872.png\",\"width\":312,\"height\":335,\"caption\":\"Attelfallsbyggaren\"},\"image\":{\"@id\":\"https:\/\/husbyggaren.nu\/#\/schema\/logo\/image\/\"},\"sameAs\":[\"https:\/\/www.facebook.com\/attefallsbyggaren\"]}]}<\/script>\n<!-- \/ Yoast SEO plugin. -->","yoast_head_json":{"title":"Villa 913 - Husbyggaren","robots":{"index":"noindex","follow":"follow","max-snippet":"max-snippet:-1","max-image-preview":"max-image-preview:large","max-video-preview":"max-video-preview:-1"},"og_locale":"sv_SE","og_type":"article","og_title":"Villa 913 - Husbyggaren","og_description":"Villa 913 Villa 913 I n\u00e4rheten av V\u00e4ster\u00e5s med en fin utsikt \u00f6ver M\u00e4laren hittade kunden en sluttande tomt som de inte kunde motst\u00e5. Kunden hade gjort Moodboards \u00f6ver vad ...","og_url":"https:\/\/husbyggaren.nu\/index.php\/suterrang-kallarplan\/villa-913\/","og_site_name":"Husbyggaren","article_publisher":"https:\/\/www.facebook.com\/attefallsbyggaren","article_modified_time":"2023-10-12T06:50:23+00:00","og_image":[{"url":"https:\/\/husbyggaren.nu\/wp-content\/uploads\/2023\/10\/Villa-913-kompr.jpg"}],"twitter_card":"summary_large_image","twitter_misc":{"Ber\u00e4knad l\u00e4stid":"1 minut"},"schema":{"@context":"https:\/\/schema.org","@graph":[{"@type":"WebPage","@id":"https:\/\/husbyggaren.nu\/index.php\/suterrang-kallarplan\/villa-913\/","url":"https:\/\/husbyggaren.nu\/index.php\/suterrang-kallarplan\/villa-913\/","name":"Villa 913 - Husbyggaren","isPartOf":{"@id":"https:\/\/husbyggaren.nu\/#website"},"datePublished":"2023-10-11T11:49:53+00:00","dateModified":"2023-10-12T06:50:23+00:00","breadcrumb":{"@id":"https:\/\/husbyggaren.nu\/index.php\/suterrang-kallarplan\/villa-913\/#breadcrumb"},"inLanguage":"sv-SE","potentialAction":[{"@type":"ReadAction","target":["https:\/\/husbyggaren.nu\/index.php\/suterrang-kallarplan\/villa-913\/"]}]},{"@type":"BreadcrumbList","@id":"https:\/\/husbyggaren.nu\/index.php\/suterrang-kallarplan\/villa-913\/#breadcrumb","itemListElement":[{"@type":"ListItem","position":1,"name":"Suterr\u00e4ng\/ k\u00e4llarplan","item":"https:\/\/husbyggaren.nu\/index.php\/suterrang-kallarplan\/"},{"@type":"ListItem","position":2,"name":"Villa 913"}]},{"@type":"WebSite","@id":"https:\/\/husbyggaren.nu\/#website","url":"https:\/\/husbyggaren.nu\/","name":"Husbyggaren","description":"Bygg ditt dr\u00f6mhus","publisher":{"@id":"https:\/\/husbyggaren.nu\/#organization"},"potentialAction":[{"@type":"SearchAction","target":{"@type":"EntryPoint","urlTemplate":"https:\/\/husbyggaren.nu\/?s={search_term_string}"},"query-input":"required name=search_term_string"}],"inLanguage":"sv-SE"},{"@type":"Organization","@id":"https:\/\/husbyggaren.nu\/#organization","name":"Attelfallsbyggaren","url":"https:\/\/husbyggaren.nu\/","logo":{"@type":"ImageObject","inLanguage":"sv-SE","@id":"https:\/\/husbyggaren.nu\/#\/schema\/logo\/image\/","url":"https:\/\/husbyggaren.nu\/wp-content\/uploads\/2022\/06\/Logga-Attefallsbyggaren-1-e1654082287872.png","contentUrl":"https:\/\/husbyggaren.nu\/wp-content\/uploads\/2022\/06\/Logga-Attefallsbyggaren-1-e1654082287872.png","width":312,"height":335,"caption":"Attelfallsbyggaren"},"image":{"@id":"https:\/\/husbyggaren.nu\/#\/schema\/logo\/image\/"},"sameAs":["https:\/\/www.facebook.com\/attefallsbyggaren"]}]}},"_links":{"self":[{"href":"https:\/\/husbyggaren.nu\/index.php\/wp-json\/wp\/v2\/pages\/3716","targetHints":{"allow":["GET"]}}],"collection":[{"href":"https:\/\/husbyggaren.nu\/index.php\/wp-json\/wp\/v2\/pages"}],"about":[{"href":"https:\/\/husbyggaren.nu\/index.php\/wp-json\/wp\/v2\/types\/page"}],"author":[{"embeddable":true,"href":"https:\/\/husbyggaren.nu\/index.php\/wp-json\/wp\/v2\/users\/5"}],"replies":[{"embeddable":true,"href":"https:\/\/husbyggaren.nu\/index.php\/wp-json\/wp\/v2\/comments?post=3716"}],"version-history":[{"count":7,"href":"https:\/\/husbyggaren.nu\/index.php\/wp-json\/wp\/v2\/pages\/3716\/revisions"}],"predecessor-version":[{"id":3840,"href":"https:\/\/husbyggaren.nu\/index.php\/wp-json\/wp\/v2\/pages\/3716\/revisions\/3840"}],"up":[{"embeddable":true,"href":"https:\/\/husbyggaren.nu\/index.php\/wp-json\/wp\/v2\/pages\/2499"}],"wp:attachment":[{"href":"https:\/\/husbyggaren.nu\/index.php\/wp-json\/wp\/v2\/media?parent=3716"}],"curies":[{"name":"wp","href":"https:\/\/api.w.org\/{rel}","templated":true}]}}