{"id":3487,"date":"2023-10-11T09:57:48","date_gmt":"2023-10-11T07:57:48","guid":{"rendered":"https:\/\/husbyggaren.nu\/?page_id=3487"},"modified":"2023-10-11T10:00:50","modified_gmt":"2023-10-11T08:00:50","slug":"villa-4266","status":"publish","type":"page","link":"https:\/\/husbyggaren.nu\/index.php\/1-5-plan\/villa-4266\/","title":{"rendered":"Villa 4266"},"content":{"rendered":"\t\t<div data-elementor-type=\"wp-page\" data-elementor-id=\"3487\" class=\"elementor elementor-3487\">\n\t\t\t\t\t\t\t\t\t<section class=\"elementor-section elementor-top-section elementor-element elementor-element-6c83320 elementor-section-boxed elementor-section-height-default elementor-section-height-default\" data-id=\"6c83320\" data-element_type=\"section\">\n\t\t\t\t\t\t<div class=\"elementor-container elementor-column-gap-default\">\n\t\t\t\t\t<div class=\"elementor-column elementor-col-100 elementor-top-column elementor-element elementor-element-befde91\" data-id=\"befde91\" data-element_type=\"column\">\n\t\t\t<div class=\"elementor-widget-wrap elementor-element-populated\">\n\t\t\t\t\t\t\t\t<div class=\"elementor-element elementor-element-d1c31d1 elementor-widget elementor-widget-heading\" data-id=\"d1c31d1\" data-element_type=\"widget\" data-widget_type=\"heading.default\">\n\t\t\t\t<div class=\"elementor-widget-container\">\n\t\t\t<style>\/*! elementor - v3.12.0 - 29-03-2023 *\/\n.elementor-heading-title{padding:0;margin:0;line-height:1}.elementor-widget-heading .elementor-heading-title[class*=elementor-size-]>a{color:inherit;font-size:inherit;line-height:inherit}.elementor-widget-heading .elementor-heading-title.elementor-size-small{font-size:15px}.elementor-widget-heading .elementor-heading-title.elementor-size-medium{font-size:19px}.elementor-widget-heading .elementor-heading-title.elementor-size-large{font-size:29px}.elementor-widget-heading .elementor-heading-title.elementor-size-xl{font-size:39px}.elementor-widget-heading .elementor-heading-title.elementor-size-xxl{font-size:59px}<\/style><h2 class=\"elementor-heading-title elementor-size-default\">Villa 4266<\/h2>\t\t<\/div>\n\t\t\t\t<\/div>\n\t\t\t\t\t<\/div>\n\t\t<\/div>\n\t\t\t\t\t\t\t<\/div>\n\t\t<\/section>\n\t\t\t\t<section class=\"elementor-section elementor-top-section elementor-element elementor-element-8a55ac6 elementor-section-boxed elementor-section-height-default elementor-section-height-default\" data-id=\"8a55ac6\" data-element_type=\"section\">\n\t\t\t\t\t\t<div class=\"elementor-container elementor-column-gap-default\">\n\t\t\t\t\t<div class=\"elementor-column elementor-col-100 elementor-top-column elementor-element elementor-element-8768a54\" data-id=\"8768a54\" data-element_type=\"column\">\n\t\t\t<div class=\"elementor-widget-wrap elementor-element-populated\">\n\t\t\t\t\t\t\t\t<div class=\"elementor-element elementor-element-dbe2980 elementor-widget elementor-widget-image\" data-id=\"dbe2980\" data-element_type=\"widget\" data-widget_type=\"image.default\">\n\t\t\t\t<div class=\"elementor-widget-container\">\n\t\t\t<style>\/*! elementor - v3.12.0 - 29-03-2023 *\/\n.elementor-widget-image{text-align:center}.elementor-widget-image a{display:inline-block}.elementor-widget-image a img[src$=\".svg\"]{width:48px}.elementor-widget-image img{vertical-align:middle;display:inline-block}<\/style>\t\t\t\t\t\t\t\t\t\t\t\t\t<a href=\"https:\/\/husbyggaren.nu\/wp-content\/uploads\/2023\/10\/4266-webb-kompr.jpg\" data-elementor-open-lightbox=\"yes\" data-elementor-lightbox-title=\"4266-webb kompr\" data-e-action-hash=\"#elementor-action%3Aaction%3Dlightbox%26settings%3DeyJpZCI6Mjk4MSwidXJsIjoiaHR0cHM6XC9cL2h1c2J5Z2dhcmVuLm51XC93cC1jb250ZW50XC91cGxvYWRzXC8yMDIzXC8xMFwvNDI2Ni13ZWJiLWtvbXByLmpwZyJ9\">\n\t\t\t\t\t\t\t<img loading=\"lazy\" decoding=\"async\" width=\"1920\" height=\"1080\" src=\"https:\/\/husbyggaren.nu\/wp-content\/uploads\/2023\/10\/4266-webb-kompr.jpg\" class=\"attachment-full size-full wp-image-2981\" alt=\"Husmodell 1,5 plan\" srcset=\"https:\/\/husbyggaren.nu\/wp-content\/uploads\/2023\/10\/4266-webb-kompr.jpg 1920w, https:\/\/husbyggaren.nu\/wp-content\/uploads\/2023\/10\/4266-webb-kompr-300x169.jpg 300w, https:\/\/husbyggaren.nu\/wp-content\/uploads\/2023\/10\/4266-webb-kompr-1024x576.jpg 1024w, https:\/\/husbyggaren.nu\/wp-content\/uploads\/2023\/10\/4266-webb-kompr-768x432.jpg 768w, https:\/\/husbyggaren.nu\/wp-content\/uploads\/2023\/10\/4266-webb-kompr-1536x864.jpg 1536w\" sizes=\"auto, (max-width: 1920px) 100vw, 1920px\" \/>\t\t\t\t\t\t\t\t<\/a>\n\t\t\t\t\t\t\t\t\t\t\t\t\t\t\t<\/div>\n\t\t\t\t<\/div>\n\t\t\t\t\t<\/div>\n\t\t<\/div>\n\t\t\t\t\t\t\t<\/div>\n\t\t<\/section>\n\t\t\t\t<section class=\"elementor-section elementor-top-section elementor-element elementor-element-89d27a6 elementor-section-boxed elementor-section-height-default elementor-section-height-default\" data-id=\"89d27a6\" data-element_type=\"section\">\n\t\t\t\t\t\t<div class=\"elementor-container elementor-column-gap-default\">\n\t\t\t\t\t<div class=\"elementor-column elementor-col-50 elementor-top-column elementor-element elementor-element-ae95d51\" data-id=\"ae95d51\" data-element_type=\"column\">\n\t\t\t<div class=\"elementor-widget-wrap elementor-element-populated\">\n\t\t\t\t\t\t\t\t<div class=\"elementor-element elementor-element-c4e6304 elementor-widget elementor-widget-heading\" data-id=\"c4e6304\" data-element_type=\"widget\" data-widget_type=\"heading.default\">\n\t\t\t\t<div class=\"elementor-widget-container\">\n\t\t\t<h2 class=\"elementor-heading-title elementor-size-default\">Villa 4266<\/h2>\t\t<\/div>\n\t\t\t\t<\/div>\n\t\t\t\t<div class=\"elementor-element elementor-element-1271e7d elementor-widget elementor-widget-text-editor\" data-id=\"1271e7d\" data-element_type=\"widget\" data-widget_type=\"text-editor.default\">\n\t\t\t\t<div class=\"elementor-widget-container\">\n\t\t\t<style>\/*! elementor - v3.12.0 - 29-03-2023 *\/\n.elementor-widget-text-editor.elementor-drop-cap-view-stacked .elementor-drop-cap{background-color:#69727d;color:#fff}.elementor-widget-text-editor.elementor-drop-cap-view-framed .elementor-drop-cap{color:#69727d;border:3px solid;background-color:transparent}.elementor-widget-text-editor:not(.elementor-drop-cap-view-default) .elementor-drop-cap{margin-top:8px}.elementor-widget-text-editor:not(.elementor-drop-cap-view-default) .elementor-drop-cap-letter{width:1em;height:1em}.elementor-widget-text-editor .elementor-drop-cap{float:left;text-align:center;line-height:1;font-size:50px}.elementor-widget-text-editor .elementor-drop-cap-letter{display:inline-block}<\/style>\t\t\t\t<p>Denna relativt enkla villa \u00e4r uppritad i av oss utifr\u00e5n ett tydligt underlag ifr\u00e5n best\u00e4llaren som var ett byggf\u00f6retag. Huset byggdes i spekulationssyfte d\u00e4r materialet levererades av en husleverant\u00f6r. Jobbet var prim\u00e4rt att ta fram arkitekturritningar f\u00f6r en bygglovsans\u00f6kan samt kompletta konstruktionsritningar<\/p>\t\t\t\t\t\t<\/div>\n\t\t\t\t<\/div>\n\t\t\t\t\t<\/div>\n\t\t<\/div>\n\t\t\t\t<div class=\"elementor-column elementor-col-50 elementor-top-column elementor-element elementor-element-b660555\" data-id=\"b660555\" data-element_type=\"column\">\n\t\t\t<div class=\"elementor-widget-wrap elementor-element-populated\">\n\t\t\t\t\t\t\t\t<div class=\"elementor-element elementor-element-fbc6e15 elementor-widget elementor-widget-heading\" data-id=\"fbc6e15\" data-element_type=\"widget\" data-widget_type=\"heading.default\">\n\t\t\t\t<div class=\"elementor-widget-container\">\n\t\t\t<h2 class=\"elementor-heading-title elementor-size-default\">Fakta<\/h2>\t\t<\/div>\n\t\t\t\t<\/div>\n\t\t\t\t<div class=\"elementor-element elementor-element-18b975e elementor-widget elementor-widget-text-editor\" data-id=\"18b975e\" data-element_type=\"widget\" data-widget_type=\"text-editor.default\">\n\t\t\t\t<div class=\"elementor-widget-container\">\n\t\t\t\t\t\t\t<p>Byggarea: 1265 kvm<br \/>Boarea: 110 kvm + 71 kvm<br \/>Antal rum: 5 + 1 badrum<\/p>\t\t\t\t\t\t<\/div>\n\t\t\t\t<\/div>\n\t\t\t\t\t<\/div>\n\t\t<\/div>\n\t\t\t\t\t\t\t<\/div>\n\t\t<\/section>\n\t\t\t\t<section class=\"elementor-section elementor-top-section elementor-element elementor-element-d0a8cf4 elementor-section-boxed elementor-section-height-default elementor-section-height-default\" data-id=\"d0a8cf4\" data-element_type=\"section\">\n\t\t\t\t\t\t<div class=\"elementor-container elementor-column-gap-default\">\n\t\t\t\t\t<div class=\"elementor-column elementor-col-50 elementor-top-column elementor-element elementor-element-7b0d1d6\" data-id=\"7b0d1d6\" data-element_type=\"column\">\n\t\t\t<div class=\"elementor-widget-wrap elementor-element-populated\">\n\t\t\t\t\t\t\t\t<div class=\"elementor-element elementor-element-50567f2 elementor-widget elementor-widget-heading\" data-id=\"50567f2\" data-element_type=\"widget\" data-widget_type=\"heading.default\">\n\t\t\t\t<div class=\"elementor-widget-container\">\n\t\t\t<h2 class=\"elementor-heading-title elementor-size-default\">Planl\u00f6sning<\/h2>\t\t<\/div>\n\t\t\t\t<\/div>\n\t\t\t\t<div class=\"elementor-element elementor-element-8efd2f6 elementor-widget elementor-widget-image\" data-id=\"8efd2f6\" data-element_type=\"widget\" data-widget_type=\"image.default\">\n\t\t\t\t<div class=\"elementor-widget-container\">\n\t\t\t\t\t\t\t\t\t\t\t\t\t\t\t\t<a href=\"https:\/\/husbyggaren.nu\/wp-content\/uploads\/2022\/09\/4266-Planlosning-1-scaled.jpg\" data-elementor-open-lightbox=\"yes\" data-elementor-lightbox-title=\"4266 Planl\u00f6sning\" data-e-action-hash=\"#elementor-action%3Aaction%3Dlightbox%26settings%3DeyJpZCI6MjM1NiwidXJsIjoiaHR0cHM6XC9cL2h1c2J5Z2dhcmVuLm51XC93cC1jb250ZW50XC91cGxvYWRzXC8yMDIyXC8wOVwvNDI2Ni1QbGFubG9zbmluZy0xLXNjYWxlZC5qcGcifQ%3D%3D\">\n\t\t\t\t\t\t\t<img loading=\"lazy\" decoding=\"async\" width=\"800\" height=\"800\" src=\"https:\/\/husbyggaren.nu\/wp-content\/uploads\/2022\/09\/4266-Planlosning-1-1024x1024.jpg\" class=\"attachment-large size-large wp-image-2356\" alt=\"Planl\u00f6sning 1,5 plan\" srcset=\"https:\/\/husbyggaren.nu\/wp-content\/uploads\/2022\/09\/4266-Planlosning-1-1024x1024.jpg 1024w, https:\/\/husbyggaren.nu\/wp-content\/uploads\/2022\/09\/4266-Planlosning-1-300x300.jpg 300w, https:\/\/husbyggaren.nu\/wp-content\/uploads\/2022\/09\/4266-Planlosning-1-150x150.jpg 150w, https:\/\/husbyggaren.nu\/wp-content\/uploads\/2022\/09\/4266-Planlosning-1-768x768.jpg 768w, https:\/\/husbyggaren.nu\/wp-content\/uploads\/2022\/09\/4266-Planlosning-1-1536x1536.jpg 1536w, https:\/\/husbyggaren.nu\/wp-content\/uploads\/2022\/09\/4266-Planlosning-1-2048x2048.jpg 2048w\" sizes=\"auto, (max-width: 800px) 100vw, 800px\" \/>\t\t\t\t\t\t\t\t<\/a>\n\t\t\t\t\t\t\t\t\t\t\t\t\t\t\t<\/div>\n\t\t\t\t<\/div>\n\t\t\t\t\t<\/div>\n\t\t<\/div>\n\t\t\t\t<div class=\"elementor-column elementor-col-50 elementor-top-column elementor-element elementor-element-b1024f2\" data-id=\"b1024f2\" data-element_type=\"column\">\n\t\t\t<div class=\"elementor-widget-wrap elementor-element-populated\">\n\t\t\t\t\t\t\t\t<div class=\"elementor-element elementor-element-aabf425 elementor-widget elementor-widget-heading\" data-id=\"aabf425\" data-element_type=\"widget\" data-widget_type=\"heading.default\">\n\t\t\t\t<div class=\"elementor-widget-container\">\n\t\t\t<h2 class=\"elementor-heading-title elementor-size-default\">Fasad<\/h2>\t\t<\/div>\n\t\t\t\t<\/div>\n\t\t\t\t<div class=\"elementor-element elementor-element-2a33ce8 elementor-widget elementor-widget-image\" data-id=\"2a33ce8\" data-element_type=\"widget\" data-widget_type=\"image.default\">\n\t\t\t\t<div class=\"elementor-widget-container\">\n\t\t\t\t\t\t\t\t\t\t\t\t\t\t\t\t<a href=\"https:\/\/husbyggaren.nu\/wp-content\/uploads\/2022\/09\/4266-Fasad-1-scaled.jpg\" data-elementor-open-lightbox=\"yes\" data-elementor-lightbox-title=\"4266 Fasad\" data-e-action-hash=\"#elementor-action%3Aaction%3Dlightbox%26settings%3DeyJpZCI6MjM1NSwidXJsIjoiaHR0cHM6XC9cL2h1c2J5Z2dhcmVuLm51XC93cC1jb250ZW50XC91cGxvYWRzXC8yMDIyXC8wOVwvNDI2Ni1GYXNhZC0xLXNjYWxlZC5qcGcifQ%3D%3D\">\n\t\t\t\t\t\t\t<img loading=\"lazy\" decoding=\"async\" width=\"800\" height=\"800\" src=\"https:\/\/husbyggaren.nu\/wp-content\/uploads\/2022\/09\/4266-Fasad-1-1024x1024.jpg\" class=\"attachment-large size-large wp-image-2355\" alt=\"Fasad 1,5 plan\" srcset=\"https:\/\/husbyggaren.nu\/wp-content\/uploads\/2022\/09\/4266-Fasad-1-1024x1024.jpg 1024w, https:\/\/husbyggaren.nu\/wp-content\/uploads\/2022\/09\/4266-Fasad-1-300x300.jpg 300w, https:\/\/husbyggaren.nu\/wp-content\/uploads\/2022\/09\/4266-Fasad-1-150x150.jpg 150w, https:\/\/husbyggaren.nu\/wp-content\/uploads\/2022\/09\/4266-Fasad-1-768x768.jpg 768w, https:\/\/husbyggaren.nu\/wp-content\/uploads\/2022\/09\/4266-Fasad-1-1536x1536.jpg 1536w, https:\/\/husbyggaren.nu\/wp-content\/uploads\/2022\/09\/4266-Fasad-1-2048x2048.jpg 2048w\" sizes=\"auto, (max-width: 800px) 100vw, 800px\" \/>\t\t\t\t\t\t\t\t<\/a>\n\t\t\t\t\t\t\t\t\t\t\t\t\t\t\t<\/div>\n\t\t\t\t<\/div>\n\t\t\t\t\t<\/div>\n\t\t<\/div>\n\t\t\t\t\t\t\t<\/div>\n\t\t<\/section>\n\t\t\t\t\t\t\t<\/div>\n\t\t","protected":false},"excerpt":{"rendered":"<p>Villa 4266 Villa 4266 Denna relativt enkla villa \u00e4r uppritad i av oss utifr\u00e5n ett tydligt underlag ifr\u00e5n best\u00e4llaren som var ett byggf\u00f6retag. Huset byggdes i spekulationssyfte d\u00e4r materialet levererades &#8230;<\/p>\n","protected":false},"author":5,"featured_media":0,"parent":2340,"menu_order":0,"comment_status":"closed","ping_status":"closed","template":"","meta":{"footnotes":""},"class_list":["post-3487","page","type-page","status-publish","hentry"],"yoast_head":"<!-- This site is optimized with the Yoast SEO plugin v20.4 - https:\/\/yoast.com\/wordpress\/plugins\/seo\/ -->\n<title>Villa 4266 - Husbyggaren<\/title>\n<meta name=\"robots\" content=\"noindex, follow, max-snippet:-1, max-image-preview:large, max-video-preview:-1\" \/>\n<meta property=\"og:locale\" content=\"sv_SE\" \/>\n<meta property=\"og:type\" content=\"article\" \/>\n<meta property=\"og:title\" content=\"Villa 4266 - Husbyggaren\" \/>\n<meta property=\"og:description\" content=\"Villa 4266 Villa 4266 Denna relativt enkla villa \u00e4r uppritad i av oss utifr\u00e5n ett tydligt underlag ifr\u00e5n best\u00e4llaren som var ett byggf\u00f6retag. Huset byggdes i spekulationssyfte d\u00e4r materialet levererades ...\" \/>\n<meta property=\"og:url\" content=\"https:\/\/husbyggaren.nu\/index.php\/1-5-plan\/villa-4266\/\" \/>\n<meta property=\"og:site_name\" content=\"Husbyggaren\" \/>\n<meta property=\"article:publisher\" content=\"https:\/\/www.facebook.com\/attefallsbyggaren\" \/>\n<meta property=\"article:modified_time\" content=\"2023-10-11T08:00:50+00:00\" \/>\n<meta property=\"og:image\" content=\"https:\/\/husbyggaren.nu\/wp-content\/uploads\/2023\/10\/4266-webb-kompr.jpg\" \/>\n<meta name=\"twitter:card\" content=\"summary_large_image\" \/>\n<script type=\"application\/ld+json\" class=\"yoast-schema-graph\">{\"@context\":\"https:\/\/schema.org\",\"@graph\":[{\"@type\":\"WebPage\",\"@id\":\"https:\/\/husbyggaren.nu\/index.php\/1-5-plan\/villa-4266\/\",\"url\":\"https:\/\/husbyggaren.nu\/index.php\/1-5-plan\/villa-4266\/\",\"name\":\"Villa 4266 - Husbyggaren\",\"isPartOf\":{\"@id\":\"https:\/\/husbyggaren.nu\/#website\"},\"datePublished\":\"2023-10-11T07:57:48+00:00\",\"dateModified\":\"2023-10-11T08:00:50+00:00\",\"breadcrumb\":{\"@id\":\"https:\/\/husbyggaren.nu\/index.php\/1-5-plan\/villa-4266\/#breadcrumb\"},\"inLanguage\":\"sv-SE\",\"potentialAction\":[{\"@type\":\"ReadAction\",\"target\":[\"https:\/\/husbyggaren.nu\/index.php\/1-5-plan\/villa-4266\/\"]}]},{\"@type\":\"BreadcrumbList\",\"@id\":\"https:\/\/husbyggaren.nu\/index.php\/1-5-plan\/villa-4266\/#breadcrumb\",\"itemListElement\":[{\"@type\":\"ListItem\",\"position\":1,\"name\":\"1\u00bd-planshus\",\"item\":\"https:\/\/husbyggaren.nu\/index.php\/1-5-plan\/\"},{\"@type\":\"ListItem\",\"position\":2,\"name\":\"Villa 4266\"}]},{\"@type\":\"WebSite\",\"@id\":\"https:\/\/husbyggaren.nu\/#website\",\"url\":\"https:\/\/husbyggaren.nu\/\",\"name\":\"Husbyggaren\",\"description\":\"Bygg ditt dr\u00f6mhus\",\"publisher\":{\"@id\":\"https:\/\/husbyggaren.nu\/#organization\"},\"potentialAction\":[{\"@type\":\"SearchAction\",\"target\":{\"@type\":\"EntryPoint\",\"urlTemplate\":\"https:\/\/husbyggaren.nu\/?s={search_term_string}\"},\"query-input\":\"required name=search_term_string\"}],\"inLanguage\":\"sv-SE\"},{\"@type\":\"Organization\",\"@id\":\"https:\/\/husbyggaren.nu\/#organization\",\"name\":\"Attelfallsbyggaren\",\"url\":\"https:\/\/husbyggaren.nu\/\",\"logo\":{\"@type\":\"ImageObject\",\"inLanguage\":\"sv-SE\",\"@id\":\"https:\/\/husbyggaren.nu\/#\/schema\/logo\/image\/\",\"url\":\"https:\/\/husbyggaren.nu\/wp-content\/uploads\/2022\/06\/Logga-Attefallsbyggaren-1-e1654082287872.png\",\"contentUrl\":\"https:\/\/husbyggaren.nu\/wp-content\/uploads\/2022\/06\/Logga-Attefallsbyggaren-1-e1654082287872.png\",\"width\":312,\"height\":335,\"caption\":\"Attelfallsbyggaren\"},\"image\":{\"@id\":\"https:\/\/husbyggaren.nu\/#\/schema\/logo\/image\/\"},\"sameAs\":[\"https:\/\/www.facebook.com\/attefallsbyggaren\"]}]}<\/script>\n<!-- \/ Yoast SEO plugin. -->","yoast_head_json":{"title":"Villa 4266 - Husbyggaren","robots":{"index":"noindex","follow":"follow","max-snippet":"max-snippet:-1","max-image-preview":"max-image-preview:large","max-video-preview":"max-video-preview:-1"},"og_locale":"sv_SE","og_type":"article","og_title":"Villa 4266 - Husbyggaren","og_description":"Villa 4266 Villa 4266 Denna relativt enkla villa \u00e4r uppritad i av oss utifr\u00e5n ett tydligt underlag ifr\u00e5n best\u00e4llaren som var ett byggf\u00f6retag. Huset byggdes i spekulationssyfte d\u00e4r materialet levererades ...","og_url":"https:\/\/husbyggaren.nu\/index.php\/1-5-plan\/villa-4266\/","og_site_name":"Husbyggaren","article_publisher":"https:\/\/www.facebook.com\/attefallsbyggaren","article_modified_time":"2023-10-11T08:00:50+00:00","og_image":[{"url":"https:\/\/husbyggaren.nu\/wp-content\/uploads\/2023\/10\/4266-webb-kompr.jpg"}],"twitter_card":"summary_large_image","schema":{"@context":"https:\/\/schema.org","@graph":[{"@type":"WebPage","@id":"https:\/\/husbyggaren.nu\/index.php\/1-5-plan\/villa-4266\/","url":"https:\/\/husbyggaren.nu\/index.php\/1-5-plan\/villa-4266\/","name":"Villa 4266 - Husbyggaren","isPartOf":{"@id":"https:\/\/husbyggaren.nu\/#website"},"datePublished":"2023-10-11T07:57:48+00:00","dateModified":"2023-10-11T08:00:50+00:00","breadcrumb":{"@id":"https:\/\/husbyggaren.nu\/index.php\/1-5-plan\/villa-4266\/#breadcrumb"},"inLanguage":"sv-SE","potentialAction":[{"@type":"ReadAction","target":["https:\/\/husbyggaren.nu\/index.php\/1-5-plan\/villa-4266\/"]}]},{"@type":"BreadcrumbList","@id":"https:\/\/husbyggaren.nu\/index.php\/1-5-plan\/villa-4266\/#breadcrumb","itemListElement":[{"@type":"ListItem","position":1,"name":"1\u00bd-planshus","item":"https:\/\/husbyggaren.nu\/index.php\/1-5-plan\/"},{"@type":"ListItem","position":2,"name":"Villa 4266"}]},{"@type":"WebSite","@id":"https:\/\/husbyggaren.nu\/#website","url":"https:\/\/husbyggaren.nu\/","name":"Husbyggaren","description":"Bygg ditt dr\u00f6mhus","publisher":{"@id":"https:\/\/husbyggaren.nu\/#organization"},"potentialAction":[{"@type":"SearchAction","target":{"@type":"EntryPoint","urlTemplate":"https:\/\/husbyggaren.nu\/?s={search_term_string}"},"query-input":"required name=search_term_string"}],"inLanguage":"sv-SE"},{"@type":"Organization","@id":"https:\/\/husbyggaren.nu\/#organization","name":"Attelfallsbyggaren","url":"https:\/\/husbyggaren.nu\/","logo":{"@type":"ImageObject","inLanguage":"sv-SE","@id":"https:\/\/husbyggaren.nu\/#\/schema\/logo\/image\/","url":"https:\/\/husbyggaren.nu\/wp-content\/uploads\/2022\/06\/Logga-Attefallsbyggaren-1-e1654082287872.png","contentUrl":"https:\/\/husbyggaren.nu\/wp-content\/uploads\/2022\/06\/Logga-Attefallsbyggaren-1-e1654082287872.png","width":312,"height":335,"caption":"Attelfallsbyggaren"},"image":{"@id":"https:\/\/husbyggaren.nu\/#\/schema\/logo\/image\/"},"sameAs":["https:\/\/www.facebook.com\/attefallsbyggaren"]}]}},"_links":{"self":[{"href":"https:\/\/husbyggaren.nu\/index.php\/wp-json\/wp\/v2\/pages\/3487","targetHints":{"allow":["GET"]}}],"collection":[{"href":"https:\/\/husbyggaren.nu\/index.php\/wp-json\/wp\/v2\/pages"}],"about":[{"href":"https:\/\/husbyggaren.nu\/index.php\/wp-json\/wp\/v2\/types\/page"}],"author":[{"embeddable":true,"href":"https:\/\/husbyggaren.nu\/index.php\/wp-json\/wp\/v2\/users\/5"}],"replies":[{"embeddable":true,"href":"https:\/\/husbyggaren.nu\/index.php\/wp-json\/wp\/v2\/comments?post=3487"}],"version-history":[{"count":5,"href":"https:\/\/husbyggaren.nu\/index.php\/wp-json\/wp\/v2\/pages\/3487\/revisions"}],"predecessor-version":[{"id":3492,"href":"https:\/\/husbyggaren.nu\/index.php\/wp-json\/wp\/v2\/pages\/3487\/revisions\/3492"}],"up":[{"embeddable":true,"href":"https:\/\/husbyggaren.nu\/index.php\/wp-json\/wp\/v2\/pages\/2340"}],"wp:attachment":[{"href":"https:\/\/husbyggaren.nu\/index.php\/wp-json\/wp\/v2\/media?parent=3487"}],"curies":[{"name":"wp","href":"https:\/\/api.w.org\/{rel}","templated":true}]}}