{"id":3453,"date":"2023-10-11T09:26:59","date_gmt":"2023-10-11T07:26:59","guid":{"rendered":"https:\/\/husbyggaren.nu\/?page_id=3453"},"modified":"2023-10-11T09:30:55","modified_gmt":"2023-10-11T07:30:55","slug":"villa-7058","status":"publish","type":"page","link":"https:\/\/husbyggaren.nu\/index.php\/1-5-plan\/villa-7058\/","title":{"rendered":"Villa 7058"},"content":{"rendered":"\t\t<div data-elementor-type=\"wp-page\" data-elementor-id=\"3453\" class=\"elementor elementor-3453\">\n\t\t\t\t\t\t\t\t\t<section class=\"elementor-section elementor-top-section elementor-element elementor-element-5a6e3a9 elementor-section-boxed elementor-section-height-default elementor-section-height-default\" data-id=\"5a6e3a9\" data-element_type=\"section\">\n\t\t\t\t\t\t<div class=\"elementor-container elementor-column-gap-default\">\n\t\t\t\t\t<div class=\"elementor-column elementor-col-100 elementor-top-column elementor-element elementor-element-7d45194\" data-id=\"7d45194\" data-element_type=\"column\">\n\t\t\t<div class=\"elementor-widget-wrap elementor-element-populated\">\n\t\t\t\t\t\t\t\t<div class=\"elementor-element elementor-element-7e5d4b5 elementor-widget elementor-widget-heading\" data-id=\"7e5d4b5\" data-element_type=\"widget\" data-widget_type=\"heading.default\">\n\t\t\t\t<div class=\"elementor-widget-container\">\n\t\t\t<style>\/*! elementor - v3.12.0 - 29-03-2023 *\/\n.elementor-heading-title{padding:0;margin:0;line-height:1}.elementor-widget-heading .elementor-heading-title[class*=elementor-size-]>a{color:inherit;font-size:inherit;line-height:inherit}.elementor-widget-heading .elementor-heading-title.elementor-size-small{font-size:15px}.elementor-widget-heading .elementor-heading-title.elementor-size-medium{font-size:19px}.elementor-widget-heading .elementor-heading-title.elementor-size-large{font-size:29px}.elementor-widget-heading .elementor-heading-title.elementor-size-xl{font-size:39px}.elementor-widget-heading .elementor-heading-title.elementor-size-xxl{font-size:59px}<\/style><h2 class=\"elementor-heading-title elementor-size-default\">Villa 7058<\/h2>\t\t<\/div>\n\t\t\t\t<\/div>\n\t\t\t\t\t<\/div>\n\t\t<\/div>\n\t\t\t\t\t\t\t<\/div>\n\t\t<\/section>\n\t\t\t\t<section class=\"elementor-section elementor-top-section elementor-element elementor-element-956469b elementor-section-boxed elementor-section-height-default elementor-section-height-default\" data-id=\"956469b\" data-element_type=\"section\">\n\t\t\t\t\t\t<div class=\"elementor-container elementor-column-gap-default\">\n\t\t\t\t\t<div class=\"elementor-column elementor-col-100 elementor-top-column elementor-element elementor-element-a243132\" data-id=\"a243132\" data-element_type=\"column\">\n\t\t\t<div class=\"elementor-widget-wrap elementor-element-populated\">\n\t\t\t\t\t\t\t\t<div class=\"elementor-element elementor-element-bc0439b elementor-widget elementor-widget-image\" data-id=\"bc0439b\" data-element_type=\"widget\" data-widget_type=\"image.default\">\n\t\t\t\t<div class=\"elementor-widget-container\">\n\t\t\t<style>\/*! elementor - v3.12.0 - 29-03-2023 *\/\n.elementor-widget-image{text-align:center}.elementor-widget-image a{display:inline-block}.elementor-widget-image a img[src$=\".svg\"]{width:48px}.elementor-widget-image img{vertical-align:middle;display:inline-block}<\/style>\t\t\t\t\t\t\t\t\t\t\t\t\t<a href=\"https:\/\/husbyggaren.nu\/wp-content\/uploads\/2023\/10\/Villa-7058-kompr.jpg\" data-elementor-open-lightbox=\"yes\" data-elementor-lightbox-title=\"Villa 7058 kompr\" data-e-action-hash=\"#elementor-action%3Aaction%3Dlightbox%26settings%3DeyJpZCI6Mjk2NSwidXJsIjoiaHR0cHM6XC9cL2h1c2J5Z2dhcmVuLm51XC93cC1jb250ZW50XC91cGxvYWRzXC8yMDIzXC8xMFwvVmlsbGEtNzA1OC1rb21wci5qcGcifQ%3D%3D\">\n\t\t\t\t\t\t\t<img loading=\"lazy\" decoding=\"async\" width=\"1000\" height=\"563\" src=\"https:\/\/husbyggaren.nu\/wp-content\/uploads\/2023\/10\/Villa-7058-kompr.jpg\" class=\"attachment-full size-full wp-image-2965\" alt=\"Husmodell 1,5 plan\" srcset=\"https:\/\/husbyggaren.nu\/wp-content\/uploads\/2023\/10\/Villa-7058-kompr.jpg 1000w, https:\/\/husbyggaren.nu\/wp-content\/uploads\/2023\/10\/Villa-7058-kompr-300x169.jpg 300w, https:\/\/husbyggaren.nu\/wp-content\/uploads\/2023\/10\/Villa-7058-kompr-768x432.jpg 768w\" sizes=\"auto, (max-width: 1000px) 100vw, 1000px\" \/>\t\t\t\t\t\t\t\t<\/a>\n\t\t\t\t\t\t\t\t\t\t\t\t\t\t\t<\/div>\n\t\t\t\t<\/div>\n\t\t\t\t\t<\/div>\n\t\t<\/div>\n\t\t\t\t\t\t\t<\/div>\n\t\t<\/section>\n\t\t\t\t<section class=\"elementor-section elementor-top-section elementor-element elementor-element-ce7185e elementor-section-boxed elementor-section-height-default elementor-section-height-default\" data-id=\"ce7185e\" data-element_type=\"section\">\n\t\t\t\t\t\t<div class=\"elementor-container elementor-column-gap-default\">\n\t\t\t\t\t<div class=\"elementor-column elementor-col-50 elementor-top-column elementor-element elementor-element-67227ff\" data-id=\"67227ff\" data-element_type=\"column\">\n\t\t\t<div class=\"elementor-widget-wrap elementor-element-populated\">\n\t\t\t\t\t\t\t\t<div class=\"elementor-element elementor-element-b1bf297 elementor-widget elementor-widget-heading\" data-id=\"b1bf297\" data-element_type=\"widget\" data-widget_type=\"heading.default\">\n\t\t\t\t<div class=\"elementor-widget-container\">\n\t\t\t<h2 class=\"elementor-heading-title elementor-size-default\">Villa 7058<\/h2>\t\t<\/div>\n\t\t\t\t<\/div>\n\t\t\t\t<div class=\"elementor-element elementor-element-8525098 elementor-widget elementor-widget-text-editor\" data-id=\"8525098\" data-element_type=\"widget\" data-widget_type=\"text-editor.default\">\n\t\t\t\t<div class=\"elementor-widget-container\">\n\t\t\t<style>\/*! elementor - v3.12.0 - 29-03-2023 *\/\n.elementor-widget-text-editor.elementor-drop-cap-view-stacked .elementor-drop-cap{background-color:#69727d;color:#fff}.elementor-widget-text-editor.elementor-drop-cap-view-framed .elementor-drop-cap{color:#69727d;border:3px solid;background-color:transparent}.elementor-widget-text-editor:not(.elementor-drop-cap-view-default) .elementor-drop-cap{margin-top:8px}.elementor-widget-text-editor:not(.elementor-drop-cap-view-default) .elementor-drop-cap-letter{width:1em;height:1em}.elementor-widget-text-editor .elementor-drop-cap{float:left;text-align:center;line-height:1;font-size:50px}.elementor-widget-text-editor .elementor-drop-cap-letter{display:inline-block}<\/style>\t\t\t\t<p>Elegant 1,5 plans hus med fantastisk utsikt \u00f6ver \u00e5ker och \u00e4ng i ett naturn\u00e4ra omr\u00e5de intill M\u00e4laren.<\/p><p>Projektet inleddes med ett m\u00f6te f\u00f6r att g\u00e5 igenom inspiration och \u00f6nskem\u00e5l fr\u00e5n byggherren. Med f\u00f6ruts\u00e4ttningarna fastst\u00e4llda inleddes projektet med en skissprocess f\u00f6r att testa olika utformningar och planl\u00f6sningar anpassat till topografin och utsikten. Proportionerna \u00e4r inspirerat fr\u00e5n ett klassiskt H-hus-f\u00f6rfarande.<\/p><p>Husets olika huskroppar och rumssammanband anpassades s\u00e5 att det sociala ytorna riktades mot utsikten och utomhusmilj\u00f6n.\u00a0<\/p>\t\t\t\t\t\t<\/div>\n\t\t\t\t<\/div>\n\t\t\t\t\t<\/div>\n\t\t<\/div>\n\t\t\t\t<div class=\"elementor-column elementor-col-50 elementor-top-column elementor-element elementor-element-20a50cf\" data-id=\"20a50cf\" data-element_type=\"column\">\n\t\t\t<div class=\"elementor-widget-wrap elementor-element-populated\">\n\t\t\t\t\t\t\t\t<div class=\"elementor-element elementor-element-2368994 elementor-widget elementor-widget-heading\" data-id=\"2368994\" data-element_type=\"widget\" data-widget_type=\"heading.default\">\n\t\t\t\t<div class=\"elementor-widget-container\">\n\t\t\t<h2 class=\"elementor-heading-title elementor-size-default\">Fakta<\/h2>\t\t<\/div>\n\t\t\t\t<\/div>\n\t\t\t\t<div class=\"elementor-element elementor-element-ee0cd5f elementor-widget elementor-widget-text-editor\" data-id=\"ee0cd5f\" data-element_type=\"widget\" data-widget_type=\"text-editor.default\">\n\t\t\t\t<div class=\"elementor-widget-container\">\n\t\t\t\t\t\t\t<p>Byggarea: 204 kvm<br \/>Boarea: 178 kvm + 59 kvm<br \/>Antal rum: 6 + 1 WC + 1 badrum<\/p>\t\t\t\t\t\t<\/div>\n\t\t\t\t<\/div>\n\t\t\t\t\t<\/div>\n\t\t<\/div>\n\t\t\t\t\t\t\t<\/div>\n\t\t<\/section>\n\t\t\t\t<section class=\"elementor-section elementor-top-section elementor-element elementor-element-99f09a9 elementor-section-boxed elementor-section-height-default elementor-section-height-default\" data-id=\"99f09a9\" data-element_type=\"section\">\n\t\t\t\t\t\t<div class=\"elementor-container elementor-column-gap-default\">\n\t\t\t\t\t<div class=\"elementor-column elementor-col-50 elementor-top-column elementor-element elementor-element-86d855e\" data-id=\"86d855e\" data-element_type=\"column\">\n\t\t\t<div class=\"elementor-widget-wrap elementor-element-populated\">\n\t\t\t\t\t\t\t\t<div class=\"elementor-element elementor-element-f5e35dc elementor-widget elementor-widget-heading\" data-id=\"f5e35dc\" data-element_type=\"widget\" data-widget_type=\"heading.default\">\n\t\t\t\t<div class=\"elementor-widget-container\">\n\t\t\t<h2 class=\"elementor-heading-title elementor-size-default\">Planl\u00f6sning<\/h2>\t\t<\/div>\n\t\t\t\t<\/div>\n\t\t\t\t<div class=\"elementor-element elementor-element-0c45b99 elementor-widget elementor-widget-image\" data-id=\"0c45b99\" data-element_type=\"widget\" data-widget_type=\"image.default\">\n\t\t\t\t<div class=\"elementor-widget-container\">\n\t\t\t\t\t\t\t\t\t\t\t\t\t\t\t\t<a href=\"https:\/\/husbyggaren.nu\/wp-content\/uploads\/2022\/09\/7058-Planlosning-scaled.jpg\" data-elementor-open-lightbox=\"yes\" data-elementor-lightbox-title=\"7058 Planl\u00f6sning\" data-e-action-hash=\"#elementor-action%3Aaction%3Dlightbox%26settings%3DeyJpZCI6MjE1OCwidXJsIjoiaHR0cHM6XC9cL2h1c2J5Z2dhcmVuLm51XC93cC1jb250ZW50XC91cGxvYWRzXC8yMDIyXC8wOVwvNzA1OC1QbGFubG9zbmluZy1zY2FsZWQuanBnIn0%3D\">\n\t\t\t\t\t\t\t<img loading=\"lazy\" decoding=\"async\" width=\"800\" height=\"800\" src=\"https:\/\/husbyggaren.nu\/wp-content\/uploads\/2022\/09\/7058-Planlosning-1024x1024.jpg\" class=\"attachment-large size-large wp-image-2158\" alt=\"Planl\u00f6sning 1,5 plan\" srcset=\"https:\/\/husbyggaren.nu\/wp-content\/uploads\/2022\/09\/7058-Planlosning-1024x1024.jpg 1024w, https:\/\/husbyggaren.nu\/wp-content\/uploads\/2022\/09\/7058-Planlosning-300x300.jpg 300w, https:\/\/husbyggaren.nu\/wp-content\/uploads\/2022\/09\/7058-Planlosning-150x150.jpg 150w, https:\/\/husbyggaren.nu\/wp-content\/uploads\/2022\/09\/7058-Planlosning-768x768.jpg 768w, https:\/\/husbyggaren.nu\/wp-content\/uploads\/2022\/09\/7058-Planlosning-1536x1536.jpg 1536w, https:\/\/husbyggaren.nu\/wp-content\/uploads\/2022\/09\/7058-Planlosning-2048x2048.jpg 2048w\" sizes=\"auto, (max-width: 800px) 100vw, 800px\" \/>\t\t\t\t\t\t\t\t<\/a>\n\t\t\t\t\t\t\t\t\t\t\t\t\t\t\t<\/div>\n\t\t\t\t<\/div>\n\t\t\t\t\t<\/div>\n\t\t<\/div>\n\t\t\t\t<div class=\"elementor-column elementor-col-50 elementor-top-column elementor-element elementor-element-398a570\" data-id=\"398a570\" data-element_type=\"column\">\n\t\t\t<div class=\"elementor-widget-wrap elementor-element-populated\">\n\t\t\t\t\t\t\t\t<div class=\"elementor-element elementor-element-bc449d6 elementor-widget elementor-widget-heading\" data-id=\"bc449d6\" data-element_type=\"widget\" data-widget_type=\"heading.default\">\n\t\t\t\t<div class=\"elementor-widget-container\">\n\t\t\t<h2 class=\"elementor-heading-title elementor-size-default\">Fasad<\/h2>\t\t<\/div>\n\t\t\t\t<\/div>\n\t\t\t\t<div class=\"elementor-element elementor-element-10cda5a elementor-widget elementor-widget-image\" data-id=\"10cda5a\" data-element_type=\"widget\" data-widget_type=\"image.default\">\n\t\t\t\t<div class=\"elementor-widget-container\">\n\t\t\t\t\t\t\t\t\t\t\t\t\t\t\t\t<a href=\"https:\/\/husbyggaren.nu\/wp-content\/uploads\/2022\/09\/7058-Fasad-scaled.jpg\" data-elementor-open-lightbox=\"yes\" data-elementor-lightbox-title=\"7058 Fasad\" data-e-action-hash=\"#elementor-action%3Aaction%3Dlightbox%26settings%3DeyJpZCI6MjE1NiwidXJsIjoiaHR0cHM6XC9cL2h1c2J5Z2dhcmVuLm51XC93cC1jb250ZW50XC91cGxvYWRzXC8yMDIyXC8wOVwvNzA1OC1GYXNhZC1zY2FsZWQuanBnIn0%3D\">\n\t\t\t\t\t\t\t<img loading=\"lazy\" decoding=\"async\" width=\"800\" height=\"800\" src=\"https:\/\/husbyggaren.nu\/wp-content\/uploads\/2022\/09\/7058-Fasad-1024x1024.jpg\" class=\"attachment-large size-large wp-image-2156\" alt=\"Fasad 1,5 plan\" srcset=\"https:\/\/husbyggaren.nu\/wp-content\/uploads\/2022\/09\/7058-Fasad-1024x1024.jpg 1024w, https:\/\/husbyggaren.nu\/wp-content\/uploads\/2022\/09\/7058-Fasad-300x300.jpg 300w, https:\/\/husbyggaren.nu\/wp-content\/uploads\/2022\/09\/7058-Fasad-150x150.jpg 150w, https:\/\/husbyggaren.nu\/wp-content\/uploads\/2022\/09\/7058-Fasad-768x768.jpg 768w, https:\/\/husbyggaren.nu\/wp-content\/uploads\/2022\/09\/7058-Fasad-1536x1536.jpg 1536w, https:\/\/husbyggaren.nu\/wp-content\/uploads\/2022\/09\/7058-Fasad-2048x2048.jpg 2048w\" sizes=\"auto, (max-width: 800px) 100vw, 800px\" \/>\t\t\t\t\t\t\t\t<\/a>\n\t\t\t\t\t\t\t\t\t\t\t\t\t\t\t<\/div>\n\t\t\t\t<\/div>\n\t\t\t\t\t<\/div>\n\t\t<\/div>\n\t\t\t\t\t\t\t<\/div>\n\t\t<\/section>\n\t\t\t\t\t\t\t<\/div>\n\t\t","protected":false},"excerpt":{"rendered":"<p>Villa 7058 Villa 7058 Elegant 1,5 plans hus med fantastisk utsikt \u00f6ver \u00e5ker och \u00e4ng i ett naturn\u00e4ra omr\u00e5de intill M\u00e4laren. Projektet inleddes med ett m\u00f6te f\u00f6r att g\u00e5 igenom &#8230;<\/p>\n","protected":false},"author":5,"featured_media":0,"parent":2340,"menu_order":0,"comment_status":"closed","ping_status":"closed","template":"","meta":{"footnotes":""},"class_list":["post-3453","page","type-page","status-publish","hentry"],"yoast_head":"<!-- This site is optimized with the Yoast SEO plugin v20.4 - https:\/\/yoast.com\/wordpress\/plugins\/seo\/ -->\n<title>Villa 7058 - Husbyggaren<\/title>\n<meta name=\"robots\" content=\"noindex, follow, max-snippet:-1, max-image-preview:large, max-video-preview:-1\" \/>\n<meta property=\"og:locale\" content=\"sv_SE\" \/>\n<meta property=\"og:type\" content=\"article\" \/>\n<meta property=\"og:title\" content=\"Villa 7058 - Husbyggaren\" \/>\n<meta property=\"og:description\" content=\"Villa 7058 Villa 7058 Elegant 1,5 plans hus med fantastisk utsikt \u00f6ver \u00e5ker och \u00e4ng i ett naturn\u00e4ra omr\u00e5de intill M\u00e4laren. Projektet inleddes med ett m\u00f6te f\u00f6r att g\u00e5 igenom ...\" \/>\n<meta property=\"og:url\" content=\"https:\/\/husbyggaren.nu\/index.php\/1-5-plan\/villa-7058\/\" \/>\n<meta property=\"og:site_name\" content=\"Husbyggaren\" \/>\n<meta property=\"article:publisher\" content=\"https:\/\/www.facebook.com\/attefallsbyggaren\" \/>\n<meta property=\"article:modified_time\" content=\"2023-10-11T07:30:55+00:00\" \/>\n<meta property=\"og:image\" content=\"https:\/\/husbyggaren.nu\/wp-content\/uploads\/2023\/10\/Villa-7058-kompr.jpg\" \/>\n<meta name=\"twitter:card\" content=\"summary_large_image\" \/>\n<meta name=\"twitter:label1\" content=\"Ber\u00e4knad l\u00e4stid\" \/>\n\t<meta name=\"twitter:data1\" content=\"1 minut\" \/>\n<script type=\"application\/ld+json\" class=\"yoast-schema-graph\">{\"@context\":\"https:\/\/schema.org\",\"@graph\":[{\"@type\":\"WebPage\",\"@id\":\"https:\/\/husbyggaren.nu\/index.php\/1-5-plan\/villa-7058\/\",\"url\":\"https:\/\/husbyggaren.nu\/index.php\/1-5-plan\/villa-7058\/\",\"name\":\"Villa 7058 - Husbyggaren\",\"isPartOf\":{\"@id\":\"https:\/\/husbyggaren.nu\/#website\"},\"datePublished\":\"2023-10-11T07:26:59+00:00\",\"dateModified\":\"2023-10-11T07:30:55+00:00\",\"breadcrumb\":{\"@id\":\"https:\/\/husbyggaren.nu\/index.php\/1-5-plan\/villa-7058\/#breadcrumb\"},\"inLanguage\":\"sv-SE\",\"potentialAction\":[{\"@type\":\"ReadAction\",\"target\":[\"https:\/\/husbyggaren.nu\/index.php\/1-5-plan\/villa-7058\/\"]}]},{\"@type\":\"BreadcrumbList\",\"@id\":\"https:\/\/husbyggaren.nu\/index.php\/1-5-plan\/villa-7058\/#breadcrumb\",\"itemListElement\":[{\"@type\":\"ListItem\",\"position\":1,\"name\":\"1\u00bd-planshus\",\"item\":\"https:\/\/husbyggaren.nu\/index.php\/1-5-plan\/\"},{\"@type\":\"ListItem\",\"position\":2,\"name\":\"Villa 7058\"}]},{\"@type\":\"WebSite\",\"@id\":\"https:\/\/husbyggaren.nu\/#website\",\"url\":\"https:\/\/husbyggaren.nu\/\",\"name\":\"Husbyggaren\",\"description\":\"Bygg ditt dr\u00f6mhus\",\"publisher\":{\"@id\":\"https:\/\/husbyggaren.nu\/#organization\"},\"potentialAction\":[{\"@type\":\"SearchAction\",\"target\":{\"@type\":\"EntryPoint\",\"urlTemplate\":\"https:\/\/husbyggaren.nu\/?s={search_term_string}\"},\"query-input\":\"required name=search_term_string\"}],\"inLanguage\":\"sv-SE\"},{\"@type\":\"Organization\",\"@id\":\"https:\/\/husbyggaren.nu\/#organization\",\"name\":\"Attelfallsbyggaren\",\"url\":\"https:\/\/husbyggaren.nu\/\",\"logo\":{\"@type\":\"ImageObject\",\"inLanguage\":\"sv-SE\",\"@id\":\"https:\/\/husbyggaren.nu\/#\/schema\/logo\/image\/\",\"url\":\"https:\/\/husbyggaren.nu\/wp-content\/uploads\/2022\/06\/Logga-Attefallsbyggaren-1-e1654082287872.png\",\"contentUrl\":\"https:\/\/husbyggaren.nu\/wp-content\/uploads\/2022\/06\/Logga-Attefallsbyggaren-1-e1654082287872.png\",\"width\":312,\"height\":335,\"caption\":\"Attelfallsbyggaren\"},\"image\":{\"@id\":\"https:\/\/husbyggaren.nu\/#\/schema\/logo\/image\/\"},\"sameAs\":[\"https:\/\/www.facebook.com\/attefallsbyggaren\"]}]}<\/script>\n<!-- \/ Yoast SEO plugin. -->","yoast_head_json":{"title":"Villa 7058 - Husbyggaren","robots":{"index":"noindex","follow":"follow","max-snippet":"max-snippet:-1","max-image-preview":"max-image-preview:large","max-video-preview":"max-video-preview:-1"},"og_locale":"sv_SE","og_type":"article","og_title":"Villa 7058 - Husbyggaren","og_description":"Villa 7058 Villa 7058 Elegant 1,5 plans hus med fantastisk utsikt \u00f6ver \u00e5ker och \u00e4ng i ett naturn\u00e4ra omr\u00e5de intill M\u00e4laren. Projektet inleddes med ett m\u00f6te f\u00f6r att g\u00e5 igenom ...","og_url":"https:\/\/husbyggaren.nu\/index.php\/1-5-plan\/villa-7058\/","og_site_name":"Husbyggaren","article_publisher":"https:\/\/www.facebook.com\/attefallsbyggaren","article_modified_time":"2023-10-11T07:30:55+00:00","og_image":[{"url":"https:\/\/husbyggaren.nu\/wp-content\/uploads\/2023\/10\/Villa-7058-kompr.jpg"}],"twitter_card":"summary_large_image","twitter_misc":{"Ber\u00e4knad l\u00e4stid":"1 minut"},"schema":{"@context":"https:\/\/schema.org","@graph":[{"@type":"WebPage","@id":"https:\/\/husbyggaren.nu\/index.php\/1-5-plan\/villa-7058\/","url":"https:\/\/husbyggaren.nu\/index.php\/1-5-plan\/villa-7058\/","name":"Villa 7058 - Husbyggaren","isPartOf":{"@id":"https:\/\/husbyggaren.nu\/#website"},"datePublished":"2023-10-11T07:26:59+00:00","dateModified":"2023-10-11T07:30:55+00:00","breadcrumb":{"@id":"https:\/\/husbyggaren.nu\/index.php\/1-5-plan\/villa-7058\/#breadcrumb"},"inLanguage":"sv-SE","potentialAction":[{"@type":"ReadAction","target":["https:\/\/husbyggaren.nu\/index.php\/1-5-plan\/villa-7058\/"]}]},{"@type":"BreadcrumbList","@id":"https:\/\/husbyggaren.nu\/index.php\/1-5-plan\/villa-7058\/#breadcrumb","itemListElement":[{"@type":"ListItem","position":1,"name":"1\u00bd-planshus","item":"https:\/\/husbyggaren.nu\/index.php\/1-5-plan\/"},{"@type":"ListItem","position":2,"name":"Villa 7058"}]},{"@type":"WebSite","@id":"https:\/\/husbyggaren.nu\/#website","url":"https:\/\/husbyggaren.nu\/","name":"Husbyggaren","description":"Bygg ditt dr\u00f6mhus","publisher":{"@id":"https:\/\/husbyggaren.nu\/#organization"},"potentialAction":[{"@type":"SearchAction","target":{"@type":"EntryPoint","urlTemplate":"https:\/\/husbyggaren.nu\/?s={search_term_string}"},"query-input":"required name=search_term_string"}],"inLanguage":"sv-SE"},{"@type":"Organization","@id":"https:\/\/husbyggaren.nu\/#organization","name":"Attelfallsbyggaren","url":"https:\/\/husbyggaren.nu\/","logo":{"@type":"ImageObject","inLanguage":"sv-SE","@id":"https:\/\/husbyggaren.nu\/#\/schema\/logo\/image\/","url":"https:\/\/husbyggaren.nu\/wp-content\/uploads\/2022\/06\/Logga-Attefallsbyggaren-1-e1654082287872.png","contentUrl":"https:\/\/husbyggaren.nu\/wp-content\/uploads\/2022\/06\/Logga-Attefallsbyggaren-1-e1654082287872.png","width":312,"height":335,"caption":"Attelfallsbyggaren"},"image":{"@id":"https:\/\/husbyggaren.nu\/#\/schema\/logo\/image\/"},"sameAs":["https:\/\/www.facebook.com\/attefallsbyggaren"]}]}},"_links":{"self":[{"href":"https:\/\/husbyggaren.nu\/index.php\/wp-json\/wp\/v2\/pages\/3453","targetHints":{"allow":["GET"]}}],"collection":[{"href":"https:\/\/husbyggaren.nu\/index.php\/wp-json\/wp\/v2\/pages"}],"about":[{"href":"https:\/\/husbyggaren.nu\/index.php\/wp-json\/wp\/v2\/types\/page"}],"author":[{"embeddable":true,"href":"https:\/\/husbyggaren.nu\/index.php\/wp-json\/wp\/v2\/users\/5"}],"replies":[{"embeddable":true,"href":"https:\/\/husbyggaren.nu\/index.php\/wp-json\/wp\/v2\/comments?post=3453"}],"version-history":[{"count":4,"href":"https:\/\/husbyggaren.nu\/index.php\/wp-json\/wp\/v2\/pages\/3453\/revisions"}],"predecessor-version":[{"id":3457,"href":"https:\/\/husbyggaren.nu\/index.php\/wp-json\/wp\/v2\/pages\/3453\/revisions\/3457"}],"up":[{"embeddable":true,"href":"https:\/\/husbyggaren.nu\/index.php\/wp-json\/wp\/v2\/pages\/2340"}],"wp:attachment":[{"href":"https:\/\/husbyggaren.nu\/index.php\/wp-json\/wp\/v2\/media?parent=3453"}],"curies":[{"name":"wp","href":"https:\/\/api.w.org\/{rel}","templated":true}]}}