{"id":3285,"date":"2023-10-10T20:47:51","date_gmt":"2023-10-10T18:47:51","guid":{"rendered":"https:\/\/husbyggaren.nu\/?page_id=3285"},"modified":"2023-10-11T08:57:28","modified_gmt":"2023-10-11T06:57:28","slug":"villa-1504","status":"publish","type":"page","link":"https:\/\/husbyggaren.nu\/index.php\/1-planshus\/villa-1504\/","title":{"rendered":"Villa 1504"},"content":{"rendered":"\t\t<div data-elementor-type=\"wp-page\" data-elementor-id=\"3285\" class=\"elementor elementor-3285\">\n\t\t\t\t\t\t\t\t\t<section class=\"elementor-section elementor-top-section elementor-element elementor-element-da928c0 elementor-section-boxed elementor-section-height-default elementor-section-height-default\" data-id=\"da928c0\" data-element_type=\"section\">\n\t\t\t\t\t\t<div class=\"elementor-container elementor-column-gap-default\">\n\t\t\t\t\t<div class=\"elementor-column elementor-col-100 elementor-top-column elementor-element elementor-element-adacec6\" data-id=\"adacec6\" data-element_type=\"column\">\n\t\t\t<div class=\"elementor-widget-wrap elementor-element-populated\">\n\t\t\t\t\t\t\t\t<div class=\"elementor-element elementor-element-36c0406 elementor-widget elementor-widget-heading\" data-id=\"36c0406\" data-element_type=\"widget\" data-widget_type=\"heading.default\">\n\t\t\t\t<div class=\"elementor-widget-container\">\n\t\t\t<style>\/*! elementor - v3.12.0 - 29-03-2023 *\/\n.elementor-heading-title{padding:0;margin:0;line-height:1}.elementor-widget-heading .elementor-heading-title[class*=elementor-size-]>a{color:inherit;font-size:inherit;line-height:inherit}.elementor-widget-heading .elementor-heading-title.elementor-size-small{font-size:15px}.elementor-widget-heading .elementor-heading-title.elementor-size-medium{font-size:19px}.elementor-widget-heading .elementor-heading-title.elementor-size-large{font-size:29px}.elementor-widget-heading .elementor-heading-title.elementor-size-xl{font-size:39px}.elementor-widget-heading .elementor-heading-title.elementor-size-xxl{font-size:59px}<\/style><h2 class=\"elementor-heading-title elementor-size-default\">Villa 1504<\/h2>\t\t<\/div>\n\t\t\t\t<\/div>\n\t\t\t\t\t<\/div>\n\t\t<\/div>\n\t\t\t\t\t\t\t<\/div>\n\t\t<\/section>\n\t\t\t\t<section class=\"elementor-section elementor-top-section elementor-element elementor-element-4b76a4e elementor-section-boxed elementor-section-height-default elementor-section-height-default\" data-id=\"4b76a4e\" data-element_type=\"section\">\n\t\t\t\t\t\t<div class=\"elementor-container elementor-column-gap-default\">\n\t\t\t\t\t<div class=\"elementor-column elementor-col-100 elementor-top-column elementor-element elementor-element-025e797\" data-id=\"025e797\" data-element_type=\"column\">\n\t\t\t<div class=\"elementor-widget-wrap elementor-element-populated\">\n\t\t\t\t\t\t\t\t<div class=\"elementor-element elementor-element-cbf6940 elementor-widget elementor-widget-image\" data-id=\"cbf6940\" data-element_type=\"widget\" data-widget_type=\"image.default\">\n\t\t\t\t<div class=\"elementor-widget-container\">\n\t\t\t<style>\/*! elementor - v3.12.0 - 29-03-2023 *\/\n.elementor-widget-image{text-align:center}.elementor-widget-image a{display:inline-block}.elementor-widget-image a img[src$=\".svg\"]{width:48px}.elementor-widget-image img{vertical-align:middle;display:inline-block}<\/style>\t\t\t\t\t\t\t\t\t\t\t\t\t<a href=\"https:\/\/husbyggaren.nu\/wp-content\/uploads\/2023\/10\/Villa-1504-HBT-kompr-scaled.jpg\" data-elementor-open-lightbox=\"yes\" data-elementor-lightbox-title=\"Villa 1504 HBT kompr\" data-e-action-hash=\"#elementor-action%3Aaction%3Dlightbox%26settings%3DeyJpZCI6MjkwNSwidXJsIjoiaHR0cHM6XC9cL2h1c2J5Z2dhcmVuLm51XC93cC1jb250ZW50XC91cGxvYWRzXC8yMDIzXC8xMFwvVmlsbGEtMTUwNC1IQlQta29tcHItc2NhbGVkLmpwZyJ9\">\n\t\t\t\t\t\t\t<img loading=\"lazy\" decoding=\"async\" width=\"2560\" height=\"1440\" src=\"https:\/\/husbyggaren.nu\/wp-content\/uploads\/2023\/10\/Villa-1504-HBT-kompr-scaled.jpg\" class=\"attachment-full size-full wp-image-2905\" alt=\"Husmodell enplan\" srcset=\"https:\/\/husbyggaren.nu\/wp-content\/uploads\/2023\/10\/Villa-1504-HBT-kompr-scaled.jpg 2560w, https:\/\/husbyggaren.nu\/wp-content\/uploads\/2023\/10\/Villa-1504-HBT-kompr-300x169.jpg 300w, https:\/\/husbyggaren.nu\/wp-content\/uploads\/2023\/10\/Villa-1504-HBT-kompr-1024x576.jpg 1024w, https:\/\/husbyggaren.nu\/wp-content\/uploads\/2023\/10\/Villa-1504-HBT-kompr-768x432.jpg 768w, https:\/\/husbyggaren.nu\/wp-content\/uploads\/2023\/10\/Villa-1504-HBT-kompr-1536x864.jpg 1536w, https:\/\/husbyggaren.nu\/wp-content\/uploads\/2023\/10\/Villa-1504-HBT-kompr-2048x1152.jpg 2048w\" sizes=\"auto, (max-width: 2560px) 100vw, 2560px\" \/>\t\t\t\t\t\t\t\t<\/a>\n\t\t\t\t\t\t\t\t\t\t\t\t\t\t\t<\/div>\n\t\t\t\t<\/div>\n\t\t\t\t\t<\/div>\n\t\t<\/div>\n\t\t\t\t\t\t\t<\/div>\n\t\t<\/section>\n\t\t\t\t<section class=\"elementor-section elementor-top-section elementor-element elementor-element-325f41f elementor-section-boxed elementor-section-height-default elementor-section-height-default\" data-id=\"325f41f\" data-element_type=\"section\">\n\t\t\t\t\t\t<div class=\"elementor-container elementor-column-gap-default\">\n\t\t\t\t\t<div class=\"elementor-column elementor-col-50 elementor-top-column elementor-element elementor-element-e3129e8\" data-id=\"e3129e8\" data-element_type=\"column\">\n\t\t\t<div class=\"elementor-widget-wrap elementor-element-populated\">\n\t\t\t\t\t\t\t\t<div class=\"elementor-element elementor-element-8ca0801 elementor-widget elementor-widget-heading\" data-id=\"8ca0801\" data-element_type=\"widget\" data-widget_type=\"heading.default\">\n\t\t\t\t<div class=\"elementor-widget-container\">\n\t\t\t<h2 class=\"elementor-heading-title elementor-size-default\">Villa 1504<\/h2>\t\t<\/div>\n\t\t\t\t<\/div>\n\t\t\t\t<div class=\"elementor-element elementor-element-65c854c elementor-widget elementor-widget-text-editor\" data-id=\"65c854c\" data-element_type=\"widget\" data-widget_type=\"text-editor.default\">\n\t\t\t\t<div class=\"elementor-widget-container\">\n\t\t\t<style>\/*! elementor - v3.12.0 - 29-03-2023 *\/\n.elementor-widget-text-editor.elementor-drop-cap-view-stacked .elementor-drop-cap{background-color:#69727d;color:#fff}.elementor-widget-text-editor.elementor-drop-cap-view-framed .elementor-drop-cap{color:#69727d;border:3px solid;background-color:transparent}.elementor-widget-text-editor:not(.elementor-drop-cap-view-default) .elementor-drop-cap{margin-top:8px}.elementor-widget-text-editor:not(.elementor-drop-cap-view-default) .elementor-drop-cap-letter{width:1em;height:1em}.elementor-widget-text-editor .elementor-drop-cap{float:left;text-align:center;line-height:1;font-size:50px}.elementor-widget-text-editor .elementor-drop-cap-letter{display:inline-block}<\/style>\t\t\t\t<p>Detta projekt \u00e4r lokaliserat i Stockholms l\u00e4n.<\/p><p>Kunden i fr\u00e5ga hade tagit fram egna ritningar f\u00f6r detta projekt. H\u00e4r \u00f6nskade kunden bland annat tre sovrum, separat groventr\u00e9 med tv\u00e4ttstuga samt en luftig och \u00f6ppen planl\u00f6sning mellan k\u00f6k och vardagsrum. Tillsammans med en av Byggingenj\u00f6rsbyr\u00e5ns erfarna arkitekter s\u00e5gs ritningarna \u00f6ver och planl\u00f6sningen optimerades inf\u00f6r bygglovsans\u00f6kan.<\/p><p>Exteri\u00f6rt best\u00e5r fasaden av puts med en vit kul\u00f6r med vita f\u00f6nster och detaljer. Taket \u00e4r ett brutet pulpettak med betongpannor i r\u00f6d kul\u00f6r.<\/p>\t\t\t\t\t\t<\/div>\n\t\t\t\t<\/div>\n\t\t\t\t\t<\/div>\n\t\t<\/div>\n\t\t\t\t<div class=\"elementor-column elementor-col-50 elementor-top-column elementor-element elementor-element-8070688\" data-id=\"8070688\" data-element_type=\"column\">\n\t\t\t<div class=\"elementor-widget-wrap elementor-element-populated\">\n\t\t\t\t\t\t\t\t<div class=\"elementor-element elementor-element-0e59c53 elementor-widget elementor-widget-heading\" data-id=\"0e59c53\" data-element_type=\"widget\" data-widget_type=\"heading.default\">\n\t\t\t\t<div class=\"elementor-widget-container\">\n\t\t\t<h2 class=\"elementor-heading-title elementor-size-default\">Fakta<\/h2>\t\t<\/div>\n\t\t\t\t<\/div>\n\t\t\t\t<div class=\"elementor-element elementor-element-e063d55 elementor-widget elementor-widget-text-editor\" data-id=\"e063d55\" data-element_type=\"widget\" data-widget_type=\"text-editor.default\">\n\t\t\t\t<div class=\"elementor-widget-container\">\n\t\t\t\t\t\t\t<p>Byggarea: 171 kvm<br \/>Boarea: 151 kvm<br \/>Antal rum: 4 rum + 1 WC + 1 badrum<\/p>\t\t\t\t\t\t<\/div>\n\t\t\t\t<\/div>\n\t\t\t\t\t<\/div>\n\t\t<\/div>\n\t\t\t\t\t\t\t<\/div>\n\t\t<\/section>\n\t\t\t\t<section class=\"elementor-section elementor-top-section elementor-element elementor-element-3fca8a5 elementor-section-boxed elementor-section-height-default elementor-section-height-default\" data-id=\"3fca8a5\" data-element_type=\"section\">\n\t\t\t\t\t\t<div class=\"elementor-container elementor-column-gap-default\">\n\t\t\t\t\t<div class=\"elementor-column elementor-col-50 elementor-top-column elementor-element elementor-element-e6aa147\" data-id=\"e6aa147\" data-element_type=\"column\">\n\t\t\t<div class=\"elementor-widget-wrap elementor-element-populated\">\n\t\t\t\t\t\t\t\t<div class=\"elementor-element elementor-element-238e355 elementor-widget elementor-widget-heading\" data-id=\"238e355\" data-element_type=\"widget\" data-widget_type=\"heading.default\">\n\t\t\t\t<div class=\"elementor-widget-container\">\n\t\t\t<h2 class=\"elementor-heading-title elementor-size-default\">Planl\u00f6sning<\/h2>\t\t<\/div>\n\t\t\t\t<\/div>\n\t\t\t\t<div class=\"elementor-element elementor-element-14e6709 elementor-widget elementor-widget-image\" data-id=\"14e6709\" data-element_type=\"widget\" data-widget_type=\"image.default\">\n\t\t\t\t<div class=\"elementor-widget-container\">\n\t\t\t\t\t\t\t\t\t\t\t\t\t\t\t\t<a href=\"https:\/\/husbyggaren.nu\/wp-content\/uploads\/2023\/10\/Villa-1504-planritning-scaled.jpg\" data-elementor-open-lightbox=\"yes\" data-elementor-lightbox-title=\"Villa 1504 planritning\" data-e-action-hash=\"#elementor-action%3Aaction%3Dlightbox%26settings%3DeyJpZCI6MjkwNiwidXJsIjoiaHR0cHM6XC9cL2h1c2J5Z2dhcmVuLm51XC93cC1jb250ZW50XC91cGxvYWRzXC8yMDIzXC8xMFwvVmlsbGEtMTUwNC1wbGFucml0bmluZy1zY2FsZWQuanBnIn0%3D\">\n\t\t\t\t\t\t\t<img loading=\"lazy\" decoding=\"async\" width=\"800\" height=\"800\" src=\"https:\/\/husbyggaren.nu\/wp-content\/uploads\/2023\/10\/Villa-1504-planritning-1024x1024.jpg\" class=\"attachment-large size-large wp-image-2906\" alt=\"Planl\u00f6sning enplanshus\" srcset=\"https:\/\/husbyggaren.nu\/wp-content\/uploads\/2023\/10\/Villa-1504-planritning-1024x1024.jpg 1024w, https:\/\/husbyggaren.nu\/wp-content\/uploads\/2023\/10\/Villa-1504-planritning-300x300.jpg 300w, https:\/\/husbyggaren.nu\/wp-content\/uploads\/2023\/10\/Villa-1504-planritning-150x150.jpg 150w, https:\/\/husbyggaren.nu\/wp-content\/uploads\/2023\/10\/Villa-1504-planritning-768x768.jpg 768w, https:\/\/husbyggaren.nu\/wp-content\/uploads\/2023\/10\/Villa-1504-planritning-1536x1536.jpg 1536w, https:\/\/husbyggaren.nu\/wp-content\/uploads\/2023\/10\/Villa-1504-planritning-2048x2048.jpg 2048w\" sizes=\"auto, (max-width: 800px) 100vw, 800px\" \/>\t\t\t\t\t\t\t\t<\/a>\n\t\t\t\t\t\t\t\t\t\t\t\t\t\t\t<\/div>\n\t\t\t\t<\/div>\n\t\t\t\t\t<\/div>\n\t\t<\/div>\n\t\t\t\t<div class=\"elementor-column elementor-col-50 elementor-top-column elementor-element elementor-element-41cfd0a\" data-id=\"41cfd0a\" data-element_type=\"column\">\n\t\t\t<div class=\"elementor-widget-wrap elementor-element-populated\">\n\t\t\t\t\t\t\t\t<div class=\"elementor-element elementor-element-fb29926 elementor-widget elementor-widget-heading\" data-id=\"fb29926\" data-element_type=\"widget\" data-widget_type=\"heading.default\">\n\t\t\t\t<div class=\"elementor-widget-container\">\n\t\t\t<h2 class=\"elementor-heading-title elementor-size-default\">Fasad<\/h2>\t\t<\/div>\n\t\t\t\t<\/div>\n\t\t\t\t<div class=\"elementor-element elementor-element-2d9a532 elementor-widget elementor-widget-image\" data-id=\"2d9a532\" data-element_type=\"widget\" data-widget_type=\"image.default\">\n\t\t\t\t<div class=\"elementor-widget-container\">\n\t\t\t\t\t\t\t\t\t\t\t\t\t\t\t\t<a href=\"https:\/\/husbyggaren.nu\/wp-content\/uploads\/2023\/10\/Villa-1504-fasadritning-scaled.jpg\" data-elementor-open-lightbox=\"yes\" data-elementor-lightbox-title=\"Villa 1504 fasadritning\" data-e-action-hash=\"#elementor-action%3Aaction%3Dlightbox%26settings%3DeyJpZCI6MjkwNCwidXJsIjoiaHR0cHM6XC9cL2h1c2J5Z2dhcmVuLm51XC93cC1jb250ZW50XC91cGxvYWRzXC8yMDIzXC8xMFwvVmlsbGEtMTUwNC1mYXNhZHJpdG5pbmctc2NhbGVkLmpwZyJ9\">\n\t\t\t\t\t\t\t<img loading=\"lazy\" decoding=\"async\" width=\"800\" height=\"800\" src=\"https:\/\/husbyggaren.nu\/wp-content\/uploads\/2023\/10\/Villa-1504-fasadritning-1024x1024.jpg\" class=\"attachment-large size-large wp-image-2904\" alt=\"Fasad enplanshus\" srcset=\"https:\/\/husbyggaren.nu\/wp-content\/uploads\/2023\/10\/Villa-1504-fasadritning-1024x1024.jpg 1024w, https:\/\/husbyggaren.nu\/wp-content\/uploads\/2023\/10\/Villa-1504-fasadritning-300x300.jpg 300w, https:\/\/husbyggaren.nu\/wp-content\/uploads\/2023\/10\/Villa-1504-fasadritning-150x150.jpg 150w, https:\/\/husbyggaren.nu\/wp-content\/uploads\/2023\/10\/Villa-1504-fasadritning-768x768.jpg 768w, https:\/\/husbyggaren.nu\/wp-content\/uploads\/2023\/10\/Villa-1504-fasadritning-1536x1536.jpg 1536w, https:\/\/husbyggaren.nu\/wp-content\/uploads\/2023\/10\/Villa-1504-fasadritning-2048x2048.jpg 2048w\" sizes=\"auto, (max-width: 800px) 100vw, 800px\" \/>\t\t\t\t\t\t\t\t<\/a>\n\t\t\t\t\t\t\t\t\t\t\t\t\t\t\t<\/div>\n\t\t\t\t<\/div>\n\t\t\t\t\t<\/div>\n\t\t<\/div>\n\t\t\t\t\t\t\t<\/div>\n\t\t<\/section>\n\t\t\t\t\t\t\t<\/div>\n\t\t","protected":false},"excerpt":{"rendered":"<p>Villa 1504 Villa 1504 Detta projekt \u00e4r lokaliserat i Stockholms l\u00e4n. Kunden i fr\u00e5ga hade tagit fram egna ritningar f\u00f6r detta projekt. H\u00e4r \u00f6nskade kunden bland annat tre sovrum, separat &#8230;<\/p>\n","protected":false},"author":5,"featured_media":0,"parent":2281,"menu_order":0,"comment_status":"closed","ping_status":"closed","template":"","meta":{"footnotes":""},"class_list":["post-3285","page","type-page","status-publish","hentry"],"yoast_head":"<!-- This site is optimized with the Yoast SEO plugin v20.4 - https:\/\/yoast.com\/wordpress\/plugins\/seo\/ -->\n<title>Villa 1504 - Husbyggaren<\/title>\n<meta name=\"robots\" content=\"noindex, follow, max-snippet:-1, max-image-preview:large, max-video-preview:-1\" \/>\n<meta property=\"og:locale\" content=\"sv_SE\" \/>\n<meta property=\"og:type\" content=\"article\" \/>\n<meta property=\"og:title\" content=\"Villa 1504 - Husbyggaren\" \/>\n<meta property=\"og:description\" content=\"Villa 1504 Villa 1504 Detta projekt \u00e4r lokaliserat i Stockholms l\u00e4n. Kunden i fr\u00e5ga hade tagit fram egna ritningar f\u00f6r detta projekt. H\u00e4r \u00f6nskade kunden bland annat tre sovrum, separat ...\" \/>\n<meta property=\"og:url\" content=\"https:\/\/husbyggaren.nu\/index.php\/1-planshus\/villa-1504\/\" \/>\n<meta property=\"og:site_name\" content=\"Husbyggaren\" \/>\n<meta property=\"article:publisher\" content=\"https:\/\/www.facebook.com\/attefallsbyggaren\" \/>\n<meta property=\"article:modified_time\" content=\"2023-10-11T06:57:28+00:00\" \/>\n<meta property=\"og:image\" content=\"https:\/\/husbyggaren.nu\/wp-content\/uploads\/2023\/10\/Villa-1504-HBT-kompr-scaled.jpg\" \/>\n<meta name=\"twitter:card\" content=\"summary_large_image\" \/>\n<meta name=\"twitter:label1\" content=\"Ber\u00e4knad l\u00e4stid\" \/>\n\t<meta name=\"twitter:data1\" content=\"1 minut\" \/>\n<script type=\"application\/ld+json\" class=\"yoast-schema-graph\">{\"@context\":\"https:\/\/schema.org\",\"@graph\":[{\"@type\":\"WebPage\",\"@id\":\"https:\/\/husbyggaren.nu\/index.php\/1-planshus\/villa-1504\/\",\"url\":\"https:\/\/husbyggaren.nu\/index.php\/1-planshus\/villa-1504\/\",\"name\":\"Villa 1504 - Husbyggaren\",\"isPartOf\":{\"@id\":\"https:\/\/husbyggaren.nu\/#website\"},\"datePublished\":\"2023-10-10T18:47:51+00:00\",\"dateModified\":\"2023-10-11T06:57:28+00:00\",\"breadcrumb\":{\"@id\":\"https:\/\/husbyggaren.nu\/index.php\/1-planshus\/villa-1504\/#breadcrumb\"},\"inLanguage\":\"sv-SE\",\"potentialAction\":[{\"@type\":\"ReadAction\",\"target\":[\"https:\/\/husbyggaren.nu\/index.php\/1-planshus\/villa-1504\/\"]}]},{\"@type\":\"BreadcrumbList\",\"@id\":\"https:\/\/husbyggaren.nu\/index.php\/1-planshus\/villa-1504\/#breadcrumb\",\"itemListElement\":[{\"@type\":\"ListItem\",\"position\":1,\"name\":\"1-planshus\",\"item\":\"https:\/\/husbyggaren.nu\/index.php\/1-planshus\/\"},{\"@type\":\"ListItem\",\"position\":2,\"name\":\"Villa 1504\"}]},{\"@type\":\"WebSite\",\"@id\":\"https:\/\/husbyggaren.nu\/#website\",\"url\":\"https:\/\/husbyggaren.nu\/\",\"name\":\"Husbyggaren\",\"description\":\"Bygg ditt dr\u00f6mhus\",\"publisher\":{\"@id\":\"https:\/\/husbyggaren.nu\/#organization\"},\"potentialAction\":[{\"@type\":\"SearchAction\",\"target\":{\"@type\":\"EntryPoint\",\"urlTemplate\":\"https:\/\/husbyggaren.nu\/?s={search_term_string}\"},\"query-input\":\"required name=search_term_string\"}],\"inLanguage\":\"sv-SE\"},{\"@type\":\"Organization\",\"@id\":\"https:\/\/husbyggaren.nu\/#organization\",\"name\":\"Attelfallsbyggaren\",\"url\":\"https:\/\/husbyggaren.nu\/\",\"logo\":{\"@type\":\"ImageObject\",\"inLanguage\":\"sv-SE\",\"@id\":\"https:\/\/husbyggaren.nu\/#\/schema\/logo\/image\/\",\"url\":\"https:\/\/husbyggaren.nu\/wp-content\/uploads\/2022\/06\/Logga-Attefallsbyggaren-1-e1654082287872.png\",\"contentUrl\":\"https:\/\/husbyggaren.nu\/wp-content\/uploads\/2022\/06\/Logga-Attefallsbyggaren-1-e1654082287872.png\",\"width\":312,\"height\":335,\"caption\":\"Attelfallsbyggaren\"},\"image\":{\"@id\":\"https:\/\/husbyggaren.nu\/#\/schema\/logo\/image\/\"},\"sameAs\":[\"https:\/\/www.facebook.com\/attefallsbyggaren\"]}]}<\/script>\n<!-- \/ Yoast SEO plugin. -->","yoast_head_json":{"title":"Villa 1504 - Husbyggaren","robots":{"index":"noindex","follow":"follow","max-snippet":"max-snippet:-1","max-image-preview":"max-image-preview:large","max-video-preview":"max-video-preview:-1"},"og_locale":"sv_SE","og_type":"article","og_title":"Villa 1504 - Husbyggaren","og_description":"Villa 1504 Villa 1504 Detta projekt \u00e4r lokaliserat i Stockholms l\u00e4n. Kunden i fr\u00e5ga hade tagit fram egna ritningar f\u00f6r detta projekt. H\u00e4r \u00f6nskade kunden bland annat tre sovrum, separat ...","og_url":"https:\/\/husbyggaren.nu\/index.php\/1-planshus\/villa-1504\/","og_site_name":"Husbyggaren","article_publisher":"https:\/\/www.facebook.com\/attefallsbyggaren","article_modified_time":"2023-10-11T06:57:28+00:00","og_image":[{"url":"https:\/\/husbyggaren.nu\/wp-content\/uploads\/2023\/10\/Villa-1504-HBT-kompr-scaled.jpg"}],"twitter_card":"summary_large_image","twitter_misc":{"Ber\u00e4knad l\u00e4stid":"1 minut"},"schema":{"@context":"https:\/\/schema.org","@graph":[{"@type":"WebPage","@id":"https:\/\/husbyggaren.nu\/index.php\/1-planshus\/villa-1504\/","url":"https:\/\/husbyggaren.nu\/index.php\/1-planshus\/villa-1504\/","name":"Villa 1504 - Husbyggaren","isPartOf":{"@id":"https:\/\/husbyggaren.nu\/#website"},"datePublished":"2023-10-10T18:47:51+00:00","dateModified":"2023-10-11T06:57:28+00:00","breadcrumb":{"@id":"https:\/\/husbyggaren.nu\/index.php\/1-planshus\/villa-1504\/#breadcrumb"},"inLanguage":"sv-SE","potentialAction":[{"@type":"ReadAction","target":["https:\/\/husbyggaren.nu\/index.php\/1-planshus\/villa-1504\/"]}]},{"@type":"BreadcrumbList","@id":"https:\/\/husbyggaren.nu\/index.php\/1-planshus\/villa-1504\/#breadcrumb","itemListElement":[{"@type":"ListItem","position":1,"name":"1-planshus","item":"https:\/\/husbyggaren.nu\/index.php\/1-planshus\/"},{"@type":"ListItem","position":2,"name":"Villa 1504"}]},{"@type":"WebSite","@id":"https:\/\/husbyggaren.nu\/#website","url":"https:\/\/husbyggaren.nu\/","name":"Husbyggaren","description":"Bygg ditt dr\u00f6mhus","publisher":{"@id":"https:\/\/husbyggaren.nu\/#organization"},"potentialAction":[{"@type":"SearchAction","target":{"@type":"EntryPoint","urlTemplate":"https:\/\/husbyggaren.nu\/?s={search_term_string}"},"query-input":"required name=search_term_string"}],"inLanguage":"sv-SE"},{"@type":"Organization","@id":"https:\/\/husbyggaren.nu\/#organization","name":"Attelfallsbyggaren","url":"https:\/\/husbyggaren.nu\/","logo":{"@type":"ImageObject","inLanguage":"sv-SE","@id":"https:\/\/husbyggaren.nu\/#\/schema\/logo\/image\/","url":"https:\/\/husbyggaren.nu\/wp-content\/uploads\/2022\/06\/Logga-Attefallsbyggaren-1-e1654082287872.png","contentUrl":"https:\/\/husbyggaren.nu\/wp-content\/uploads\/2022\/06\/Logga-Attefallsbyggaren-1-e1654082287872.png","width":312,"height":335,"caption":"Attelfallsbyggaren"},"image":{"@id":"https:\/\/husbyggaren.nu\/#\/schema\/logo\/image\/"},"sameAs":["https:\/\/www.facebook.com\/attefallsbyggaren"]}]}},"_links":{"self":[{"href":"https:\/\/husbyggaren.nu\/index.php\/wp-json\/wp\/v2\/pages\/3285","targetHints":{"allow":["GET"]}}],"collection":[{"href":"https:\/\/husbyggaren.nu\/index.php\/wp-json\/wp\/v2\/pages"}],"about":[{"href":"https:\/\/husbyggaren.nu\/index.php\/wp-json\/wp\/v2\/types\/page"}],"author":[{"embeddable":true,"href":"https:\/\/husbyggaren.nu\/index.php\/wp-json\/wp\/v2\/users\/5"}],"replies":[{"embeddable":true,"href":"https:\/\/husbyggaren.nu\/index.php\/wp-json\/wp\/v2\/comments?post=3285"}],"version-history":[{"count":7,"href":"https:\/\/husbyggaren.nu\/index.php\/wp-json\/wp\/v2\/pages\/3285\/revisions"}],"predecessor-version":[{"id":3388,"href":"https:\/\/husbyggaren.nu\/index.php\/wp-json\/wp\/v2\/pages\/3285\/revisions\/3388"}],"up":[{"embeddable":true,"href":"https:\/\/husbyggaren.nu\/index.php\/wp-json\/wp\/v2\/pages\/2281"}],"wp:attachment":[{"href":"https:\/\/husbyggaren.nu\/index.php\/wp-json\/wp\/v2\/media?parent=3285"}],"curies":[{"name":"wp","href":"https:\/\/api.w.org\/{rel}","templated":true}]}}