{"id":3244,"date":"2023-10-10T20:15:51","date_gmt":"2023-10-10T18:15:51","guid":{"rendered":"https:\/\/husbyggaren.nu\/?page_id=3244"},"modified":"2023-10-11T09:02:35","modified_gmt":"2023-10-11T07:02:35","slug":"villa-4420","status":"publish","type":"page","link":"https:\/\/husbyggaren.nu\/index.php\/1-planshus\/villa-4420\/","title":{"rendered":"Villa 4420"},"content":{"rendered":"\t\t<div data-elementor-type=\"wp-page\" data-elementor-id=\"3244\" class=\"elementor elementor-3244\">\n\t\t\t\t\t\t\t\t\t<section class=\"elementor-section elementor-top-section elementor-element elementor-element-5a1eeb9 elementor-section-boxed elementor-section-height-default elementor-section-height-default\" data-id=\"5a1eeb9\" data-element_type=\"section\">\n\t\t\t\t\t\t<div class=\"elementor-container elementor-column-gap-default\">\n\t\t\t\t\t<div class=\"elementor-column elementor-col-100 elementor-top-column elementor-element elementor-element-a23fd1a\" data-id=\"a23fd1a\" data-element_type=\"column\">\n\t\t\t<div class=\"elementor-widget-wrap elementor-element-populated\">\n\t\t\t\t\t\t\t\t<div class=\"elementor-element elementor-element-14523ae elementor-widget elementor-widget-heading\" data-id=\"14523ae\" data-element_type=\"widget\" data-widget_type=\"heading.default\">\n\t\t\t\t<div class=\"elementor-widget-container\">\n\t\t\t<style>\/*! elementor - v3.12.0 - 29-03-2023 *\/\n.elementor-heading-title{padding:0;margin:0;line-height:1}.elementor-widget-heading .elementor-heading-title[class*=elementor-size-]>a{color:inherit;font-size:inherit;line-height:inherit}.elementor-widget-heading .elementor-heading-title.elementor-size-small{font-size:15px}.elementor-widget-heading .elementor-heading-title.elementor-size-medium{font-size:19px}.elementor-widget-heading .elementor-heading-title.elementor-size-large{font-size:29px}.elementor-widget-heading .elementor-heading-title.elementor-size-xl{font-size:39px}.elementor-widget-heading .elementor-heading-title.elementor-size-xxl{font-size:59px}<\/style><h2 class=\"elementor-heading-title elementor-size-default\">Villa 4420<\/h2>\t\t<\/div>\n\t\t\t\t<\/div>\n\t\t\t\t\t<\/div>\n\t\t<\/div>\n\t\t\t\t\t\t\t<\/div>\n\t\t<\/section>\n\t\t\t\t<section class=\"elementor-section elementor-top-section elementor-element elementor-element-02fcf2c elementor-section-boxed elementor-section-height-default elementor-section-height-default\" data-id=\"02fcf2c\" data-element_type=\"section\">\n\t\t\t\t\t\t<div class=\"elementor-container elementor-column-gap-default\">\n\t\t\t\t\t<div class=\"elementor-column elementor-col-100 elementor-top-column elementor-element elementor-element-de0d444\" data-id=\"de0d444\" data-element_type=\"column\">\n\t\t\t<div class=\"elementor-widget-wrap elementor-element-populated\">\n\t\t\t\t\t\t\t\t<div class=\"elementor-element elementor-element-92d498f elementor-widget elementor-widget-image\" data-id=\"92d498f\" data-element_type=\"widget\" data-widget_type=\"image.default\">\n\t\t\t\t<div class=\"elementor-widget-container\">\n\t\t\t<style>\/*! elementor - v3.12.0 - 29-03-2023 *\/\n.elementor-widget-image{text-align:center}.elementor-widget-image a{display:inline-block}.elementor-widget-image a img[src$=\".svg\"]{width:48px}.elementor-widget-image img{vertical-align:middle;display:inline-block}<\/style>\t\t\t\t\t\t\t\t\t\t\t\t\t<a href=\"https:\/\/husbyggaren.nu\/wp-content\/uploads\/2023\/10\/Villa-4420-kompr.jpg\" data-elementor-open-lightbox=\"yes\" data-elementor-lightbox-title=\"Villa 4420 kompr\" data-e-action-hash=\"#elementor-action%3Aaction%3Dlightbox%26settings%3DeyJpZCI6Mjg4NCwidXJsIjoiaHR0cHM6XC9cL2h1c2J5Z2dhcmVuLm51XC93cC1jb250ZW50XC91cGxvYWRzXC8yMDIzXC8xMFwvVmlsbGEtNDQyMC1rb21wci5qcGcifQ%3D%3D\">\n\t\t\t\t\t\t\t<img loading=\"lazy\" decoding=\"async\" width=\"1000\" height=\"563\" src=\"https:\/\/husbyggaren.nu\/wp-content\/uploads\/2023\/10\/Villa-4420-kompr.jpg\" class=\"attachment-full size-full wp-image-2884\" alt=\"Husmodell enplan\" srcset=\"https:\/\/husbyggaren.nu\/wp-content\/uploads\/2023\/10\/Villa-4420-kompr.jpg 1000w, https:\/\/husbyggaren.nu\/wp-content\/uploads\/2023\/10\/Villa-4420-kompr-300x169.jpg 300w, https:\/\/husbyggaren.nu\/wp-content\/uploads\/2023\/10\/Villa-4420-kompr-768x432.jpg 768w\" sizes=\"auto, (max-width: 1000px) 100vw, 1000px\" \/>\t\t\t\t\t\t\t\t<\/a>\n\t\t\t\t\t\t\t\t\t\t\t\t\t\t\t<\/div>\n\t\t\t\t<\/div>\n\t\t\t\t\t<\/div>\n\t\t<\/div>\n\t\t\t\t\t\t\t<\/div>\n\t\t<\/section>\n\t\t\t\t<section class=\"elementor-section elementor-top-section elementor-element elementor-element-2c11fcf elementor-section-boxed elementor-section-height-default elementor-section-height-default\" data-id=\"2c11fcf\" data-element_type=\"section\">\n\t\t\t\t\t\t<div class=\"elementor-container elementor-column-gap-default\">\n\t\t\t\t\t<div class=\"elementor-column elementor-col-50 elementor-top-column elementor-element elementor-element-a8073fd\" data-id=\"a8073fd\" data-element_type=\"column\">\n\t\t\t<div class=\"elementor-widget-wrap elementor-element-populated\">\n\t\t\t\t\t\t\t\t<div class=\"elementor-element elementor-element-80a6601 elementor-widget elementor-widget-heading\" data-id=\"80a6601\" data-element_type=\"widget\" data-widget_type=\"heading.default\">\n\t\t\t\t<div class=\"elementor-widget-container\">\n\t\t\t<h2 class=\"elementor-heading-title elementor-size-default\">Villa 4420<\/h2>\t\t<\/div>\n\t\t\t\t<\/div>\n\t\t\t\t<div class=\"elementor-element elementor-element-f045f62 elementor-widget elementor-widget-text-editor\" data-id=\"f045f62\" data-element_type=\"widget\" data-widget_type=\"text-editor.default\">\n\t\t\t\t<div class=\"elementor-widget-container\">\n\t\t\t<style>\/*! elementor - v3.12.0 - 29-03-2023 *\/\n.elementor-widget-text-editor.elementor-drop-cap-view-stacked .elementor-drop-cap{background-color:#69727d;color:#fff}.elementor-widget-text-editor.elementor-drop-cap-view-framed .elementor-drop-cap{color:#69727d;border:3px solid;background-color:transparent}.elementor-widget-text-editor:not(.elementor-drop-cap-view-default) .elementor-drop-cap{margin-top:8px}.elementor-widget-text-editor:not(.elementor-drop-cap-view-default) .elementor-drop-cap-letter{width:1em;height:1em}.elementor-widget-text-editor .elementor-drop-cap{float:left;text-align:center;line-height:1;font-size:50px}.elementor-widget-text-editor .elementor-drop-cap-letter{display:inline-block}<\/style>\t\t\t\t<p>I detta projekt i V\u00e4stmanland fanns redan en f\u00e4rdig modell fr\u00e5n en husleverant\u00f6r men kunden \u00f6nskade g\u00f6ra n\u00e5gra \u00e4ndringar. De ville ha hj\u00e4lp med att se \u00f6ver en mer optimal planl\u00f6sning samt maximera byggr\u00e4tten p\u00e5 fastigheten. Eftersom planl\u00f6sningen gjordes om s\u00e5gs fasaden och dess f\u00f6nsters\u00e4ttningen \u00f6ver f\u00f6r att f\u00f6rb\u00e4ttra ljusinsl\u00e4ppet.<\/p><p>Resultatet blev ett H-hus d\u00e4r exteri\u00f6ren best\u00e5r av en liggande tr\u00e4panel i vit kul\u00f6r samt vita f\u00f6nster och detaljer. Yttertaket best\u00e5r av svarta betongpannor, f\u00f6rdelat i b\u00e5de sadel- och pulpettakskonstruktion.<\/p>\t\t\t\t\t\t<\/div>\n\t\t\t\t<\/div>\n\t\t\t\t\t<\/div>\n\t\t<\/div>\n\t\t\t\t<div class=\"elementor-column elementor-col-50 elementor-top-column elementor-element elementor-element-d3a573b\" data-id=\"d3a573b\" data-element_type=\"column\">\n\t\t\t<div class=\"elementor-widget-wrap elementor-element-populated\">\n\t\t\t\t\t\t\t\t<div class=\"elementor-element elementor-element-c460d8a elementor-widget elementor-widget-heading\" data-id=\"c460d8a\" data-element_type=\"widget\" data-widget_type=\"heading.default\">\n\t\t\t\t<div class=\"elementor-widget-container\">\n\t\t\t<h2 class=\"elementor-heading-title elementor-size-default\">Fakta<\/h2>\t\t<\/div>\n\t\t\t\t<\/div>\n\t\t\t\t<div class=\"elementor-element elementor-element-c5e6b07 elementor-widget elementor-widget-text-editor\" data-id=\"c5e6b07\" data-element_type=\"widget\" data-widget_type=\"text-editor.default\">\n\t\t\t\t<div class=\"elementor-widget-container\">\n\t\t\t\t\t\t\t<p>Byggarea: 198 kvm<br \/>Boarea: 171 kvm<br \/>Antal rum: 6 + 1 WC + 1 badrum<\/p>\t\t\t\t\t\t<\/div>\n\t\t\t\t<\/div>\n\t\t\t\t\t<\/div>\n\t\t<\/div>\n\t\t\t\t\t\t\t<\/div>\n\t\t<\/section>\n\t\t\t\t<section class=\"elementor-section elementor-top-section elementor-element elementor-element-a076cbb elementor-section-boxed elementor-section-height-default elementor-section-height-default\" data-id=\"a076cbb\" data-element_type=\"section\">\n\t\t\t\t\t\t<div class=\"elementor-container elementor-column-gap-default\">\n\t\t\t\t\t<div class=\"elementor-column elementor-col-50 elementor-top-column elementor-element elementor-element-50c9886\" data-id=\"50c9886\" data-element_type=\"column\">\n\t\t\t<div class=\"elementor-widget-wrap elementor-element-populated\">\n\t\t\t\t\t\t\t\t<div class=\"elementor-element elementor-element-c99b925 elementor-widget elementor-widget-heading\" data-id=\"c99b925\" data-element_type=\"widget\" data-widget_type=\"heading.default\">\n\t\t\t\t<div class=\"elementor-widget-container\">\n\t\t\t<h2 class=\"elementor-heading-title elementor-size-default\">Planl\u00f6sning<\/h2>\t\t<\/div>\n\t\t\t\t<\/div>\n\t\t\t\t<div class=\"elementor-element elementor-element-287cce2 elementor-widget elementor-widget-image\" data-id=\"287cce2\" data-element_type=\"widget\" data-widget_type=\"image.default\">\n\t\t\t\t<div class=\"elementor-widget-container\">\n\t\t\t\t\t\t\t\t\t\t\t\t\t\t\t\t<a href=\"https:\/\/husbyggaren.nu\/wp-content\/uploads\/2022\/09\/Husmodell-4420-planritning-scaled.jpg\" data-elementor-open-lightbox=\"yes\" data-elementor-lightbox-title=\"Husmodell 4420 planritning\" data-e-action-hash=\"#elementor-action%3Aaction%3Dlightbox%26settings%3DeyJpZCI6MjcxNCwidXJsIjoiaHR0cHM6XC9cL2h1c2J5Z2dhcmVuLm51XC93cC1jb250ZW50XC91cGxvYWRzXC8yMDIyXC8wOVwvSHVzbW9kZWxsLTQ0MjAtcGxhbnJpdG5pbmctc2NhbGVkLmpwZyJ9\">\n\t\t\t\t\t\t\t<img loading=\"lazy\" decoding=\"async\" width=\"800\" height=\"800\" src=\"https:\/\/husbyggaren.nu\/wp-content\/uploads\/2022\/09\/Husmodell-4420-planritning-1024x1024.jpg\" class=\"attachment-large size-large wp-image-2714\" alt=\"Planl\u00f6sning enplanshus\" srcset=\"https:\/\/husbyggaren.nu\/wp-content\/uploads\/2022\/09\/Husmodell-4420-planritning-1024x1024.jpg 1024w, https:\/\/husbyggaren.nu\/wp-content\/uploads\/2022\/09\/Husmodell-4420-planritning-300x300.jpg 300w, https:\/\/husbyggaren.nu\/wp-content\/uploads\/2022\/09\/Husmodell-4420-planritning-150x150.jpg 150w, https:\/\/husbyggaren.nu\/wp-content\/uploads\/2022\/09\/Husmodell-4420-planritning-768x768.jpg 768w, https:\/\/husbyggaren.nu\/wp-content\/uploads\/2022\/09\/Husmodell-4420-planritning-1536x1536.jpg 1536w, https:\/\/husbyggaren.nu\/wp-content\/uploads\/2022\/09\/Husmodell-4420-planritning-2048x2048.jpg 2048w\" sizes=\"auto, (max-width: 800px) 100vw, 800px\" \/>\t\t\t\t\t\t\t\t<\/a>\n\t\t\t\t\t\t\t\t\t\t\t\t\t\t\t<\/div>\n\t\t\t\t<\/div>\n\t\t\t\t\t<\/div>\n\t\t<\/div>\n\t\t\t\t<div class=\"elementor-column elementor-col-50 elementor-top-column elementor-element elementor-element-7b80cdf\" data-id=\"7b80cdf\" data-element_type=\"column\">\n\t\t\t<div class=\"elementor-widget-wrap elementor-element-populated\">\n\t\t\t\t\t\t\t\t<div class=\"elementor-element elementor-element-8e1b967 elementor-widget elementor-widget-heading\" data-id=\"8e1b967\" data-element_type=\"widget\" data-widget_type=\"heading.default\">\n\t\t\t\t<div class=\"elementor-widget-container\">\n\t\t\t<h2 class=\"elementor-heading-title elementor-size-default\">Fasad<\/h2>\t\t<\/div>\n\t\t\t\t<\/div>\n\t\t\t\t<div class=\"elementor-element elementor-element-e435e9b elementor-widget elementor-widget-image\" data-id=\"e435e9b\" data-element_type=\"widget\" data-widget_type=\"image.default\">\n\t\t\t\t<div class=\"elementor-widget-container\">\n\t\t\t\t\t\t\t\t\t\t\t\t\t\t\t\t<a href=\"https:\/\/husbyggaren.nu\/wp-content\/uploads\/2022\/09\/Husmodell-4420-fasad-scaled.jpg\" data-elementor-open-lightbox=\"yes\" data-elementor-lightbox-title=\"Husmodell 4420 fasad\" data-e-action-hash=\"#elementor-action%3Aaction%3Dlightbox%26settings%3DeyJpZCI6MjcxMywidXJsIjoiaHR0cHM6XC9cL2h1c2J5Z2dhcmVuLm51XC93cC1jb250ZW50XC91cGxvYWRzXC8yMDIyXC8wOVwvSHVzbW9kZWxsLTQ0MjAtZmFzYWQtc2NhbGVkLmpwZyJ9\">\n\t\t\t\t\t\t\t<img loading=\"lazy\" decoding=\"async\" width=\"800\" height=\"800\" src=\"https:\/\/husbyggaren.nu\/wp-content\/uploads\/2022\/09\/Husmodell-4420-fasad-1024x1024.jpg\" class=\"attachment-large size-large wp-image-2713\" alt=\"Fasad enplanshus\" srcset=\"https:\/\/husbyggaren.nu\/wp-content\/uploads\/2022\/09\/Husmodell-4420-fasad-1024x1024.jpg 1024w, https:\/\/husbyggaren.nu\/wp-content\/uploads\/2022\/09\/Husmodell-4420-fasad-300x300.jpg 300w, https:\/\/husbyggaren.nu\/wp-content\/uploads\/2022\/09\/Husmodell-4420-fasad-150x150.jpg 150w, https:\/\/husbyggaren.nu\/wp-content\/uploads\/2022\/09\/Husmodell-4420-fasad-768x768.jpg 768w, https:\/\/husbyggaren.nu\/wp-content\/uploads\/2022\/09\/Husmodell-4420-fasad-1536x1536.jpg 1536w, https:\/\/husbyggaren.nu\/wp-content\/uploads\/2022\/09\/Husmodell-4420-fasad-2048x2048.jpg 2048w\" sizes=\"auto, (max-width: 800px) 100vw, 800px\" \/>\t\t\t\t\t\t\t\t<\/a>\n\t\t\t\t\t\t\t\t\t\t\t\t\t\t\t<\/div>\n\t\t\t\t<\/div>\n\t\t\t\t\t<\/div>\n\t\t<\/div>\n\t\t\t\t\t\t\t<\/div>\n\t\t<\/section>\n\t\t\t\t\t\t\t<\/div>\n\t\t","protected":false},"excerpt":{"rendered":"<p>Villa 4420 Villa 4420 I detta projekt i V\u00e4stmanland fanns redan en f\u00e4rdig modell fr\u00e5n en husleverant\u00f6r men kunden \u00f6nskade g\u00f6ra n\u00e5gra \u00e4ndringar. De ville ha hj\u00e4lp med att se &#8230;<\/p>\n","protected":false},"author":5,"featured_media":0,"parent":2281,"menu_order":0,"comment_status":"closed","ping_status":"closed","template":"","meta":{"footnotes":""},"class_list":["post-3244","page","type-page","status-publish","hentry"],"yoast_head":"<!-- This site is optimized with the Yoast SEO plugin v20.4 - https:\/\/yoast.com\/wordpress\/plugins\/seo\/ -->\n<title>Villa 4420 - Husbyggaren<\/title>\n<meta name=\"robots\" content=\"noindex, follow, max-snippet:-1, max-image-preview:large, max-video-preview:-1\" \/>\n<meta property=\"og:locale\" content=\"sv_SE\" \/>\n<meta property=\"og:type\" content=\"article\" \/>\n<meta property=\"og:title\" content=\"Villa 4420 - Husbyggaren\" \/>\n<meta property=\"og:description\" content=\"Villa 4420 Villa 4420 I detta projekt i V\u00e4stmanland fanns redan en f\u00e4rdig modell fr\u00e5n en husleverant\u00f6r men kunden \u00f6nskade g\u00f6ra n\u00e5gra \u00e4ndringar. De ville ha hj\u00e4lp med att se ...\" \/>\n<meta property=\"og:url\" content=\"https:\/\/husbyggaren.nu\/index.php\/1-planshus\/villa-4420\/\" \/>\n<meta property=\"og:site_name\" content=\"Husbyggaren\" \/>\n<meta property=\"article:publisher\" content=\"https:\/\/www.facebook.com\/attefallsbyggaren\" \/>\n<meta property=\"article:modified_time\" content=\"2023-10-11T07:02:35+00:00\" \/>\n<meta property=\"og:image\" content=\"https:\/\/husbyggaren.nu\/wp-content\/uploads\/2023\/10\/Villa-4420-kompr.jpg\" \/>\n<meta name=\"twitter:card\" content=\"summary_large_image\" \/>\n<meta name=\"twitter:label1\" content=\"Ber\u00e4knad l\u00e4stid\" \/>\n\t<meta name=\"twitter:data1\" content=\"1 minut\" \/>\n<script type=\"application\/ld+json\" class=\"yoast-schema-graph\">{\"@context\":\"https:\/\/schema.org\",\"@graph\":[{\"@type\":\"WebPage\",\"@id\":\"https:\/\/husbyggaren.nu\/index.php\/1-planshus\/villa-4420\/\",\"url\":\"https:\/\/husbyggaren.nu\/index.php\/1-planshus\/villa-4420\/\",\"name\":\"Villa 4420 - Husbyggaren\",\"isPartOf\":{\"@id\":\"https:\/\/husbyggaren.nu\/#website\"},\"datePublished\":\"2023-10-10T18:15:51+00:00\",\"dateModified\":\"2023-10-11T07:02:35+00:00\",\"breadcrumb\":{\"@id\":\"https:\/\/husbyggaren.nu\/index.php\/1-planshus\/villa-4420\/#breadcrumb\"},\"inLanguage\":\"sv-SE\",\"potentialAction\":[{\"@type\":\"ReadAction\",\"target\":[\"https:\/\/husbyggaren.nu\/index.php\/1-planshus\/villa-4420\/\"]}]},{\"@type\":\"BreadcrumbList\",\"@id\":\"https:\/\/husbyggaren.nu\/index.php\/1-planshus\/villa-4420\/#breadcrumb\",\"itemListElement\":[{\"@type\":\"ListItem\",\"position\":1,\"name\":\"1-planshus\",\"item\":\"https:\/\/husbyggaren.nu\/index.php\/1-planshus\/\"},{\"@type\":\"ListItem\",\"position\":2,\"name\":\"Villa 4420\"}]},{\"@type\":\"WebSite\",\"@id\":\"https:\/\/husbyggaren.nu\/#website\",\"url\":\"https:\/\/husbyggaren.nu\/\",\"name\":\"Husbyggaren\",\"description\":\"Bygg ditt dr\u00f6mhus\",\"publisher\":{\"@id\":\"https:\/\/husbyggaren.nu\/#organization\"},\"potentialAction\":[{\"@type\":\"SearchAction\",\"target\":{\"@type\":\"EntryPoint\",\"urlTemplate\":\"https:\/\/husbyggaren.nu\/?s={search_term_string}\"},\"query-input\":\"required name=search_term_string\"}],\"inLanguage\":\"sv-SE\"},{\"@type\":\"Organization\",\"@id\":\"https:\/\/husbyggaren.nu\/#organization\",\"name\":\"Attelfallsbyggaren\",\"url\":\"https:\/\/husbyggaren.nu\/\",\"logo\":{\"@type\":\"ImageObject\",\"inLanguage\":\"sv-SE\",\"@id\":\"https:\/\/husbyggaren.nu\/#\/schema\/logo\/image\/\",\"url\":\"https:\/\/husbyggaren.nu\/wp-content\/uploads\/2022\/06\/Logga-Attefallsbyggaren-1-e1654082287872.png\",\"contentUrl\":\"https:\/\/husbyggaren.nu\/wp-content\/uploads\/2022\/06\/Logga-Attefallsbyggaren-1-e1654082287872.png\",\"width\":312,\"height\":335,\"caption\":\"Attelfallsbyggaren\"},\"image\":{\"@id\":\"https:\/\/husbyggaren.nu\/#\/schema\/logo\/image\/\"},\"sameAs\":[\"https:\/\/www.facebook.com\/attefallsbyggaren\"]}]}<\/script>\n<!-- \/ Yoast SEO plugin. -->","yoast_head_json":{"title":"Villa 4420 - Husbyggaren","robots":{"index":"noindex","follow":"follow","max-snippet":"max-snippet:-1","max-image-preview":"max-image-preview:large","max-video-preview":"max-video-preview:-1"},"og_locale":"sv_SE","og_type":"article","og_title":"Villa 4420 - Husbyggaren","og_description":"Villa 4420 Villa 4420 I detta projekt i V\u00e4stmanland fanns redan en f\u00e4rdig modell fr\u00e5n en husleverant\u00f6r men kunden \u00f6nskade g\u00f6ra n\u00e5gra \u00e4ndringar. De ville ha hj\u00e4lp med att se ...","og_url":"https:\/\/husbyggaren.nu\/index.php\/1-planshus\/villa-4420\/","og_site_name":"Husbyggaren","article_publisher":"https:\/\/www.facebook.com\/attefallsbyggaren","article_modified_time":"2023-10-11T07:02:35+00:00","og_image":[{"url":"https:\/\/husbyggaren.nu\/wp-content\/uploads\/2023\/10\/Villa-4420-kompr.jpg"}],"twitter_card":"summary_large_image","twitter_misc":{"Ber\u00e4knad l\u00e4stid":"1 minut"},"schema":{"@context":"https:\/\/schema.org","@graph":[{"@type":"WebPage","@id":"https:\/\/husbyggaren.nu\/index.php\/1-planshus\/villa-4420\/","url":"https:\/\/husbyggaren.nu\/index.php\/1-planshus\/villa-4420\/","name":"Villa 4420 - Husbyggaren","isPartOf":{"@id":"https:\/\/husbyggaren.nu\/#website"},"datePublished":"2023-10-10T18:15:51+00:00","dateModified":"2023-10-11T07:02:35+00:00","breadcrumb":{"@id":"https:\/\/husbyggaren.nu\/index.php\/1-planshus\/villa-4420\/#breadcrumb"},"inLanguage":"sv-SE","potentialAction":[{"@type":"ReadAction","target":["https:\/\/husbyggaren.nu\/index.php\/1-planshus\/villa-4420\/"]}]},{"@type":"BreadcrumbList","@id":"https:\/\/husbyggaren.nu\/index.php\/1-planshus\/villa-4420\/#breadcrumb","itemListElement":[{"@type":"ListItem","position":1,"name":"1-planshus","item":"https:\/\/husbyggaren.nu\/index.php\/1-planshus\/"},{"@type":"ListItem","position":2,"name":"Villa 4420"}]},{"@type":"WebSite","@id":"https:\/\/husbyggaren.nu\/#website","url":"https:\/\/husbyggaren.nu\/","name":"Husbyggaren","description":"Bygg ditt dr\u00f6mhus","publisher":{"@id":"https:\/\/husbyggaren.nu\/#organization"},"potentialAction":[{"@type":"SearchAction","target":{"@type":"EntryPoint","urlTemplate":"https:\/\/husbyggaren.nu\/?s={search_term_string}"},"query-input":"required name=search_term_string"}],"inLanguage":"sv-SE"},{"@type":"Organization","@id":"https:\/\/husbyggaren.nu\/#organization","name":"Attelfallsbyggaren","url":"https:\/\/husbyggaren.nu\/","logo":{"@type":"ImageObject","inLanguage":"sv-SE","@id":"https:\/\/husbyggaren.nu\/#\/schema\/logo\/image\/","url":"https:\/\/husbyggaren.nu\/wp-content\/uploads\/2022\/06\/Logga-Attefallsbyggaren-1-e1654082287872.png","contentUrl":"https:\/\/husbyggaren.nu\/wp-content\/uploads\/2022\/06\/Logga-Attefallsbyggaren-1-e1654082287872.png","width":312,"height":335,"caption":"Attelfallsbyggaren"},"image":{"@id":"https:\/\/husbyggaren.nu\/#\/schema\/logo\/image\/"},"sameAs":["https:\/\/www.facebook.com\/attefallsbyggaren"]}]}},"_links":{"self":[{"href":"https:\/\/husbyggaren.nu\/index.php\/wp-json\/wp\/v2\/pages\/3244","targetHints":{"allow":["GET"]}}],"collection":[{"href":"https:\/\/husbyggaren.nu\/index.php\/wp-json\/wp\/v2\/pages"}],"about":[{"href":"https:\/\/husbyggaren.nu\/index.php\/wp-json\/wp\/v2\/types\/page"}],"author":[{"embeddable":true,"href":"https:\/\/husbyggaren.nu\/index.php\/wp-json\/wp\/v2\/users\/5"}],"replies":[{"embeddable":true,"href":"https:\/\/husbyggaren.nu\/index.php\/wp-json\/wp\/v2\/comments?post=3244"}],"version-history":[{"count":7,"href":"https:\/\/husbyggaren.nu\/index.php\/wp-json\/wp\/v2\/pages\/3244\/revisions"}],"predecessor-version":[{"id":3406,"href":"https:\/\/husbyggaren.nu\/index.php\/wp-json\/wp\/v2\/pages\/3244\/revisions\/3406"}],"up":[{"embeddable":true,"href":"https:\/\/husbyggaren.nu\/index.php\/wp-json\/wp\/v2\/pages\/2281"}],"wp:attachment":[{"href":"https:\/\/husbyggaren.nu\/index.php\/wp-json\/wp\/v2\/media?parent=3244"}],"curies":[{"name":"wp","href":"https:\/\/api.w.org\/{rel}","templated":true}]}}